{"id":873,"date":"2023-07-12T14:10:18","date_gmt":"2023-07-12T12:10:18","guid":{"rendered":"https:\/\/validex.fr\/?page_id=873"},"modified":"2025-03-26T16:50:33","modified_gmt":"2025-03-26T15:50:33","slug":"institut-superieur-deconomie-et-de-gestion-de-lisbonne","status":"publish","type":"page","link":"https:\/\/validex.fr\/es\/institut-superieur-deconomie-et-de-gestion-de-lisbonne\/","title":{"rendered":"Instituto Superior de Econom\u00eda y Gesti\u00f3n de Lisboa"},"content":{"rendered":"<p>[et_pb_section fb_built=\u00a0\u00bb1&Prime; fullwidth=\u00a0\u00bbon\u00a0\u00bb _builder_version=\u00a0\u00bb4.21.0&Prime; _module_preset=\u00a0\u00bbdefault\u00a0\u00bb background_color=\u00a0\u00bbrgba(255,255,255,0.56)\u00a0\u00bb background_enable_video_mp4=\u00a0\u00bboff\u00a0\u00bb locked=\u00a0\u00bboff\u00a0\u00bb global_colors_info=\u00a0\u00bb{}\u00a0\u00bb][et_pb_fullwidth_menu menu_id=\u00a0\u00bb3&Prime; menu_style=\u00a0\u00bbcentered\u00a0\u00bb fullwidth_menu=\u00a0\u00bbon\u00a0\u00bb active_link_color=\u00a0\u00bb#2d95db\u00a0\u00bb _builder_version=\u00a0\u00bb4.22.2&Prime; _module_preset=\u00a0\u00bbdefault\u00a0\u00bb menu_font=\u00a0\u00bb|700|||||||\u00a0\u00bb menu_text_color=\u00a0\u00bb#000000&Prime; menu_font_size=\u00a0\u00bb16px\u00a0\u00bb sticky_position=\u00a0\u00bbtop\u00a0\u00bb global_colors_info=\u00a0\u00bb{}\u00a0\u00bb][\/et_pb_fullwidth_menu][\/et_pb_section][et_pb_section fb_built=\u00a0\u00bb1&Prime; _builder_version=\u00a0\u00bb4.20.0&Prime; _module_preset=\u00a0\u00bbdefault\u00a0\u00bb global_colors_info=\u00a0\u00bb{}\u00a0\u00bb][et_pb_row _builder_version=\u00a0\u00bb4.20.0&Prime; _module_preset=\u00a0\u00bbdefault\u00a0\u00bb custom_margin=\u00a0\u00bb|auto|-6px|auto||\u00a0\u00bb global_colors_info=\u00a0\u00bb{}\u00a0\u00bb][et_pb_column type=\u00a0\u00bb4_4&Prime; _builder_version=\u00a0\u00bb4.20.0&Prime; _module_preset=\u00a0\u00bbdefault\u00a0\u00bb global_colors_info=\u00a0\u00bb{}\u00a0\u00bb][et_pb_text _builder_version=\u00a0\u00bb4.27.4&Prime; _module_preset=\u00a0\u00bbb3e3ff14-5f5c-4608-8ecf-1885ce3da7aa\u00a0\u00bb header_font=\u00a0\u00bb||||||||\u00a0\u00bb header_font_size=\u00a0\u00bb70px\u00a0\u00bb header_line_height=\u00a0\u00bb1.1em\u00a0\u00bb custom_margin=\u00a0\u00bb||10px|-50px|false|false\u00a0\u00bb header_font_size_tablet=\u00a0\u00bb40px\u00a0\u00bb header_font_size_phone=\u00a0\u00bb24px\u00a0\u00bb header_font_size_last_edited=\u00a0\u00bbon|desktop\u00a0\u00bb locked=\u00a0\u00bboff\u00a0\u00bb global_colors_info=\u00a0\u00bb{}\u00a0\u00bb]<\/p>\n<h1>Coll\u00e8ge Viaro de Barcelone<\/h1>\n<p>[\/et_pb_text][\/et_pb_column][\/et_pb_row][et_pb_row column_structure=\u00a0\u00bb1_2,1_2&Prime; _builder_version=\u00a0\u00bb4.20.0&Prime; _module_preset=\u00a0\u00bbdefault\u00a0\u00bb custom_padding=\u00a0\u00bb||0px|||\u00a0\u00bb global_colors_info=\u00a0\u00bb{}\u00a0\u00bb][et_pb_column type=\u00a0\u00bb1_2&Prime; _builder_version=\u00a0\u00bb4.20.0&Prime; _module_preset=\u00a0\u00bbdefault\u00a0\u00bb global_colors_info=\u00a0\u00bb{}\u00a0\u00bb][et_pb_text _builder_version=\u00a0\u00bb4.27.4&Prime; _module_preset=\u00a0\u00bbdefault\u00a0\u00bb hover_enabled=\u00a0\u00bb0&Prime; global_colors_info=\u00a0\u00bb{}\u00a0\u00bb sticky_enabled=\u00a0\u00bb0&Prime;]<\/p>\n<h1><strong>Contexte<\/strong><\/h1>\n<p style=\"text-align: justify;\">Viar\u00f3 Global School est une \u00e9cole et un coll\u00e8ge priv\u00e9 situ\u00e9 \u00e0 Barcelone.<\/p>\n<p style=\"text-align: justify;\">L&rsquo;\u00e9tablissement compte trois restaurants : un pour les \u00e9coliers, un pour les coll\u00e9giens et un pour les enseignants.<\/p>\n<p>[\/et_pb_text][et_pb_text _builder_version=\u00a0\u00bb4.27.4&Prime; _module_preset=\u00a0\u00bbdefault\u00a0\u00bb hover_enabled=\u00a0\u00bb0&Prime; global_colors_info=\u00a0\u00bb{}\u00a0\u00bb sticky_enabled=\u00a0\u00bb0&Prime;]<\/p>\n<h1 style=\"text-align: justify;\"><strong>Probl\u00e9matique<\/strong><\/h1>\n<ul>\n<li style=\"text-align: justify;\">La configuration du b\u00e2timent fait que la laverie est exigu\u00eb<\/li>\n<li style=\"text-align: justify;\">Le personnel qui s\u2019occupe du service \u00e0 table dans le restaurant pour les enseignants doit traverser une zone o\u00f9 le retour des plateaux barre le chemin entre le restaurant et les cuisines<\/li>\n<li style=\"text-align: justify;\">Une seule machine \u00e0 laver la vaisselle<\/li>\n<li style=\"text-align: justify;\">Des cadences diff\u00e9rentes entre les diff\u00e9rents espaces de restauration<\/li>\n<li style=\"text-align: justify;\">Le risque que le convoyeur qui vient du restaurant coll\u00e8ge et passe dans le restaurant enseignants soit plein et ne permette pas la d\u00e9pose des plateaux<\/li>\n<\/ul>\n<p>[\/et_pb_text][\/et_pb_column][et_pb_column type=\u00a0\u00bb1_2&Prime; _builder_version=\u00a0\u00bb4.20.0&Prime; _module_preset=\u00a0\u00bbdefault\u00a0\u00bb global_colors_info=\u00a0\u00bb{}\u00a0\u00bb][et_pb_image src=\u00a0\u00bbhttps:\/\/validex.fr\/wp-content\/uploads\/2025\/02\/College-Viaro-de-Barcelone.png\u00a0\u00bb title_text=\u00a0\u00bbColl\u00e8ge Viaro de Barcelone\u00a0\u00bb _builder_version=\u00a0\u00bb4.27.4&Prime; _module_preset=\u00a0\u00bbdefault\u00a0\u00bb custom_padding=\u00a0\u00bb30px|||||\u00a0\u00bb global_colors_info=\u00a0\u00bb{}\u00a0\u00bb][\/et_pb_image][\/et_pb_column][\/et_pb_row][et_pb_row _builder_version=\u00a0\u00bb4.20.0&Prime; _module_preset=\u00a0\u00bbdefault\u00a0\u00bb custom_padding=\u00a0\u00bb||51px|||\u00a0\u00bb global_colors_info=\u00a0\u00bb{}\u00a0\u00bb][et_pb_column type=\u00a0\u00bb4_4&Prime; _builder_version=\u00a0\u00bb4.20.0&Prime; _module_preset=\u00a0\u00bbdefault\u00a0\u00bb global_colors_info=\u00a0\u00bb{}\u00a0\u00bb][et_pb_text _builder_version=\u00a0\u00bb4.27.4&Prime; _module_preset=\u00a0\u00bbdefault\u00a0\u00bb hover_enabled=\u00a0\u00bb0&Prime; global_colors_info=\u00a0\u00bb{}\u00a0\u00bb sticky_enabled=\u00a0\u00bb0&Prime;]<\/p>\n<h1 style=\"text-align: justify;\"><strong>Conception de la solution<\/strong><\/h1>\n<ul>\n<li style=\"text-align: justify;\">Un ensemble de convoyeurs avec des zones de vitesse diff\u00e9rente<\/li>\n<li style=\"text-align: justify;\">Un aiguillage permettant une ligne de tri pour deux d\u00e9poses avec une gestion automatique de la priorit\u00e9 \u00ab\u00a0first in &#8211; first out\u00a0\u00bb combin\u00e9e avec notre syst\u00e8me de pont-levis optimisant les d\u00e9placements dans la laverie. Ce syst\u00e8me de pont-levis est dot\u00e9 d&rsquo;une assistance par v\u00e9rin \u00e0 gaz assurant s\u00e9curit\u00e9 et ergonomie ; la motorisation n&rsquo;est pas interrompue sur cet \u00e9l\u00e9ment<\/li>\n<\/ul>\n<p>[\/et_pb_text][et_pb_image src=\u00a0\u00bbhttps:\/\/validex.fr\/wp-content\/uploads\/2025\/02\/College-Viaro-de-Barcelone-2.png\u00a0\u00bb title_text=\u00a0\u00bbColl\u00e8ge Viaro de Barcelone 2&Prime; align=\u00a0\u00bbcenter\u00a0\u00bb _builder_version=\u00a0\u00bb4.27.4&Prime; _module_preset=\u00a0\u00bbdefault\u00a0\u00bb custom_margin=\u00a0\u00bb-3px|||||\u00a0\u00bb custom_padding=\u00a0\u00bb24px|||||\u00a0\u00bb global_colors_info=\u00a0\u00bb{}\u00a0\u00bb][\/et_pb_image][\/et_pb_column][\/et_pb_row][et_pb_row column_structure=\u00a0\u00bb1_5,1_5,1_5,1_5,1_5&Prime; _builder_version=\u00a0\u00bb4.20.0&Prime; _module_preset=\u00a0\u00bbdefault\u00a0\u00bb global_colors_info=\u00a0\u00bb{}\u00a0\u00bb][et_pb_column type=\u00a0\u00bb1_5&Prime; _builder_version=\u00a0\u00bb4.20.0&Prime; _module_preset=\u00a0\u00bbdefault\u00a0\u00bb global_colors_info=\u00a0\u00bb{}\u00a0\u00bb][et_pb_image src=\u00a0\u00bbhttps:\/\/validex.fr\/wp-content\/uploads\/2023\/03\/espace.png\u00a0\u00bb title_text=\u00a0\u00bbespace\u00a0\u00bb _builder_version=\u00a0\u00bb4.20.0&Prime; _module_preset=\u00a0\u00bbdefault\u00a0\u00bb width=\u00a0\u00bb100%\u00a0\u00bb animation_style=\u00a0\u00bbzoom\u00a0\u00bb global_colors_info=\u00a0\u00bb{}\u00a0\u00bb][\/et_pb_image][\/et_pb_column][et_pb_column type=\u00a0\u00bb1_5&Prime; _builder_version=\u00a0\u00bb4.20.0&Prime; _module_preset=\u00a0\u00bbdefault\u00a0\u00bb global_colors_info=\u00a0\u00bb{}\u00a0\u00bb][et_pb_image src=\u00a0\u00bbhttps:\/\/validex.fr\/wp-content\/uploads\/2023\/03\/temps-.png\u00a0\u00bb title_text=\u00a0\u00bbtemps-\u00a0\u00bb _builder_version=\u00a0\u00bb4.20.0&Prime; _module_preset=\u00a0\u00bbdefault\u00a0\u00bb width=\u00a0\u00bb100%\u00a0\u00bb animation_style=\u00a0\u00bbzoom\u00a0\u00bb animation_delay=\u00a0\u00bb300ms\u00a0\u00bb global_colors_info=\u00a0\u00bb{}\u00a0\u00bb][\/et_pb_image][\/et_pb_column][et_pb_column type=\u00a0\u00bb1_5&Prime; _builder_version=\u00a0\u00bb4.20.0&Prime; _module_preset=\u00a0\u00bbdefault\u00a0\u00bb global_colors_info=\u00a0\u00bb{}\u00a0\u00bb][et_pb_image src=\u00a0\u00bbhttps:\/\/validex.fr\/wp-content\/uploads\/2023\/03\/ergonomie.png\u00a0\u00bb title_text=\u00a0\u00bbergonomie\u00a0\u00bb _builder_version=\u00a0\u00bb4.27.4&Prime; _module_preset=\u00a0\u00bbdefault\u00a0\u00bb width=\u00a0\u00bb100%\u00a0\u00bb animation_style=\u00a0\u00bbzoom\u00a0\u00bb animation_delay=\u00a0\u00bb600ms\u00a0\u00bb global_colors_info=\u00a0\u00bb{}\u00a0\u00bb][\/et_pb_image][\/et_pb_column][et_pb_column type=\u00a0\u00bb1_5&Prime; _builder_version=\u00a0\u00bb4.20.0&Prime; _module_preset=\u00a0\u00bbdefault\u00a0\u00bb global_colors_info=\u00a0\u00bb{}\u00a0\u00bb][\/et_pb_column][et_pb_column type=\u00a0\u00bb1_5&Prime; _builder_version=\u00a0\u00bb4.20.0&Prime; _module_preset=\u00a0\u00bbdefault\u00a0\u00bb global_colors_info=\u00a0\u00bb{}\u00a0\u00bb][\/et_pb_column][\/et_pb_row][\/et_pb_section]<\/p>\n","protected":false},"excerpt":{"rendered":"<p>Coll\u00e8ge Viaro de BarceloneContexte Viar\u00f3 Global School est une \u00e9cole et un coll\u00e8ge priv\u00e9 situ\u00e9 \u00e0 Barcelone. L&rsquo;\u00e9tablissement compte trois restaurants : un pour les \u00e9coliers, un pour les coll\u00e9giens et un pour les enseignants.Probl\u00e9matique La configuration du b\u00e2timent fait que la laverie est exigu\u00eb Le personnel qui s\u2019occupe du service \u00e0 table dans le [&hellip;]<\/p>\n","protected":false},"author":1,"featured_media":0,"parent":0,"menu_order":0,"comment_status":"closed","ping_status":"closed","template":"","meta":{"_et_pb_use_builder":"on","_et_pb_old_content":"","_et_gb_content_width":"","cybocfi_hide_featured_image":"","footnotes":""},"dipi_cpt_category":[],"class_list":["post-873","page","type-page","status-publish","hentry"],"yoast_head":"<!-- This site is optimized with the Yoast SEO plugin v27.3 - https:\/\/yoast.com\/product\/yoast-seo-wordpress\/ -->\n<title>Institut sup\u00e9rieur d&#039;\u00e9conomie et de gestion de Lisbonne - Validex<\/title>\n<meta name=\"robots\" content=\"index, follow, max-snippet:-1, max-image-preview:large, max-video-preview:-1\" \/>\n<link rel=\"canonical\" href=\"https:\/\/validex.fr\/es\/institut-superieur-deconomie-et-de-gestion-de-lisbonne\/\" \/>\n<meta property=\"og:locale\" content=\"es_ES\" \/>\n<meta property=\"og:type\" content=\"article\" \/>\n<meta property=\"og:title\" content=\"Institut sup\u00e9rieur d&#039;\u00e9conomie et de gestion de Lisbonne - Validex\" \/>\n<meta property=\"og:description\" content=\"Coll\u00e8ge Viaro de BarceloneContexte Viar\u00f3 Global School est une \u00e9cole et un coll\u00e8ge priv\u00e9 situ\u00e9 \u00e0 Barcelone. L&#039;\u00e9tablissement compte trois restaurants : un pour les \u00e9coliers, un pour les coll\u00e9giens et un pour les enseignants.Probl\u00e9matique La configuration du b\u00e2timent fait que la laverie est exigu\u00eb Le personnel qui s\u2019occupe du service \u00e0 table dans le [&hellip;]\" \/>\n<meta property=\"og:url\" content=\"https:\/\/validex.fr\/es\/institut-superieur-deconomie-et-de-gestion-de-lisbonne\/\" \/>\n<meta property=\"og:site_name\" content=\"Validex\" \/>\n<meta property=\"article:modified_time\" content=\"2025-03-26T15:50:33+00:00\" \/>\n<meta name=\"twitter:card\" content=\"summary_large_image\" \/>\n<meta name=\"twitter:label1\" content=\"Tiempo de lectura\" \/>\n\t<meta name=\"twitter:data1\" content=\"4 minutos\" \/>\n<script type=\"application\/ld+json\" class=\"yoast-schema-graph\">{\"@context\":\"https:\\\/\\\/schema.org\",\"@graph\":[{\"@type\":\"WebPage\",\"@id\":\"https:\\\/\\\/validex.fr\\\/en\\\/institut-superieur-deconomie-et-de-gestion-de-lisbonne\\\/\",\"url\":\"https:\\\/\\\/validex.fr\\\/en\\\/institut-superieur-deconomie-et-de-gestion-de-lisbonne\\\/\",\"name\":\"Institut sup\u00e9rieur d'\u00e9conomie et de gestion de Lisbonne - Validex\",\"isPartOf\":{\"@id\":\"https:\\\/\\\/validex.fr\\\/#website\"},\"datePublished\":\"2023-07-12T12:10:18+00:00\",\"dateModified\":\"2025-03-26T15:50:33+00:00\",\"breadcrumb\":{\"@id\":\"https:\\\/\\\/validex.fr\\\/en\\\/institut-superieur-deconomie-et-de-gestion-de-lisbonne\\\/#breadcrumb\"},\"inLanguage\":\"es\",\"potentialAction\":[{\"@type\":\"ReadAction\",\"target\":[\"https:\\\/\\\/validex.fr\\\/en\\\/institut-superieur-deconomie-et-de-gestion-de-lisbonne\\\/\"]}]},{\"@type\":\"BreadcrumbList\",\"@id\":\"https:\\\/\\\/validex.fr\\\/en\\\/institut-superieur-deconomie-et-de-gestion-de-lisbonne\\\/#breadcrumb\",\"itemListElement\":[{\"@type\":\"ListItem\",\"position\":1,\"name\":\"Accueil\",\"item\":\"https:\\\/\\\/validex.fr\\\/\"},{\"@type\":\"ListItem\",\"position\":2,\"name\":\"Institut sup\u00e9rieur d&rsquo;\u00e9conomie et de gestion de Lisbonne\"}]},{\"@type\":\"WebSite\",\"@id\":\"https:\\\/\\\/validex.fr\\\/#website\",\"url\":\"https:\\\/\\\/validex.fr\\\/\",\"name\":\"Validex\",\"description\":\"Cr\u00e9ateur de solutions pour laveries de restaurant.\",\"potentialAction\":[{\"@type\":\"SearchAction\",\"target\":{\"@type\":\"EntryPoint\",\"urlTemplate\":\"https:\\\/\\\/validex.fr\\\/?s={search_term_string}\"},\"query-input\":{\"@type\":\"PropertyValueSpecification\",\"valueRequired\":true,\"valueName\":\"search_term_string\"}}],\"inLanguage\":\"es\"}]}<\/script>\n<!-- \/ Yoast SEO plugin. -->","yoast_head_json":{"title":"Institut sup\u00e9rieur d'\u00e9conomie et de gestion de Lisbonne - Validex","robots":{"index":"index","follow":"follow","max-snippet":"max-snippet:-1","max-image-preview":"max-image-preview:large","max-video-preview":"max-video-preview:-1"},"canonical":"https:\/\/validex.fr\/es\/institut-superieur-deconomie-et-de-gestion-de-lisbonne\/","og_locale":"es_ES","og_type":"article","og_title":"Institut sup\u00e9rieur d'\u00e9conomie et de gestion de Lisbonne - Validex","og_description":"Coll\u00e8ge Viaro de BarceloneContexte Viar\u00f3 Global School est une \u00e9cole et un coll\u00e8ge priv\u00e9 situ\u00e9 \u00e0 Barcelone. L'\u00e9tablissement compte trois restaurants : un pour les \u00e9coliers, un pour les coll\u00e9giens et un pour les enseignants.Probl\u00e9matique La configuration du b\u00e2timent fait que la laverie est exigu\u00eb Le personnel qui s\u2019occupe du service \u00e0 table dans le [&hellip;]","og_url":"https:\/\/validex.fr\/es\/institut-superieur-deconomie-et-de-gestion-de-lisbonne\/","og_site_name":"Validex","article_modified_time":"2025-03-26T15:50:33+00:00","twitter_card":"summary_large_image","twitter_misc":{"Tiempo de lectura":"4 minutos"},"schema":{"@context":"https:\/\/schema.org","@graph":[{"@type":"WebPage","@id":"https:\/\/validex.fr\/en\/institut-superieur-deconomie-et-de-gestion-de-lisbonne\/","url":"https:\/\/validex.fr\/en\/institut-superieur-deconomie-et-de-gestion-de-lisbonne\/","name":"Institut sup\u00e9rieur d'\u00e9conomie et de gestion de Lisbonne - Validex","isPartOf":{"@id":"https:\/\/validex.fr\/#website"},"datePublished":"2023-07-12T12:10:18+00:00","dateModified":"2025-03-26T15:50:33+00:00","breadcrumb":{"@id":"https:\/\/validex.fr\/en\/institut-superieur-deconomie-et-de-gestion-de-lisbonne\/#breadcrumb"},"inLanguage":"es","potentialAction":[{"@type":"ReadAction","target":["https:\/\/validex.fr\/en\/institut-superieur-deconomie-et-de-gestion-de-lisbonne\/"]}]},{"@type":"BreadcrumbList","@id":"https:\/\/validex.fr\/en\/institut-superieur-deconomie-et-de-gestion-de-lisbonne\/#breadcrumb","itemListElement":[{"@type":"ListItem","position":1,"name":"Accueil","item":"https:\/\/validex.fr\/"},{"@type":"ListItem","position":2,"name":"Institut sup\u00e9rieur d&rsquo;\u00e9conomie et de gestion de Lisbonne"}]},{"@type":"WebSite","@id":"https:\/\/validex.fr\/#website","url":"https:\/\/validex.fr\/","name":"de la zona de lavado","description":"Cr\u00e9ateur de solutions pour laveries de restaurant.","potentialAction":[{"@type":"SearchAction","target":{"@type":"EntryPoint","urlTemplate":"https:\/\/validex.fr\/?s={search_term_string}"},"query-input":{"@type":"PropertyValueSpecification","valueRequired":true,"valueName":"search_term_string"}}],"inLanguage":"es"}]}},"_links":{"self":[{"href":"https:\/\/validex.fr\/es\/wp-json\/wp\/v2\/pages\/873","targetHints":{"allow":["GET"]}}],"collection":[{"href":"https:\/\/validex.fr\/es\/wp-json\/wp\/v2\/pages"}],"about":[{"href":"https:\/\/validex.fr\/es\/wp-json\/wp\/v2\/types\/page"}],"author":[{"embeddable":true,"href":"https:\/\/validex.fr\/es\/wp-json\/wp\/v2\/users\/1"}],"replies":[{"embeddable":true,"href":"https:\/\/validex.fr\/es\/wp-json\/wp\/v2\/comments?post=873"}],"version-history":[{"count":8,"href":"https:\/\/validex.fr\/es\/wp-json\/wp\/v2\/pages\/873\/revisions"}],"predecessor-version":[{"id":230503,"href":"https:\/\/validex.fr\/es\/wp-json\/wp\/v2\/pages\/873\/revisions\/230503"}],"wp:attachment":[{"href":"https:\/\/validex.fr\/es\/wp-json\/wp\/v2\/media?parent=873"}],"wp:term":[{"taxonomy":"dipi_cpt_category","embeddable":true,"href":"https:\/\/validex.fr\/es\/wp-json\/wp\/v2\/dipi_cpt_category?post=873"}],"curies":[{"name":"wp","href":"https:\/\/api.w.org\/{rel}","templated":true}]}}