{"id":720,"date":"2023-05-24T16:41:16","date_gmt":"2023-05-24T14:41:16","guid":{"rendered":"https:\/\/validex.fr\/?page_id=720"},"modified":"2023-05-24T16:45:53","modified_gmt":"2023-05-24T14:45:53","slug":"rampe-motorisee-pour-plateaux","status":"publish","type":"page","link":"https:\/\/validex.fr\/es\/rampe-motorisee-pour-plateaux\/","title":{"rendered":"Rampe motoris\u00e9e pour plateaux"},"content":{"rendered":"<p>[et_pb_section fb_built=\u00a0\u00bb1&Prime; _builder_version=\u00a0\u00bb4.20.4&Prime; _module_preset=\u00a0\u00bbdefault\u00a0\u00bb background_color=\u00a0\u00bbrgba(12,113,195,0.39)\u00a0\u00bb custom_padding=\u00a0\u00bb1px||51px|||\u00a0\u00bb global_colors_info=\u00a0\u00bb{}\u00a0\u00bb][et_pb_row _builder_version=\u00a0\u00bb4.20.4&Prime; _module_preset=\u00a0\u00bbdefault\u00a0\u00bb custom_padding=\u00a0\u00bb1px||2px|||\u00a0\u00bb global_colors_info=\u00a0\u00bb{}\u00a0\u00bb][et_pb_column type=\u00a0\u00bb4_4&Prime; _builder_version=\u00a0\u00bb4.20.4&Prime; _module_preset=\u00a0\u00bbdefault\u00a0\u00bb global_colors_info=\u00a0\u00bb{}\u00a0\u00bb][et_pb_text _builder_version=\u00a0\u00bb4.20.4&Prime; _module_preset=\u00a0\u00bbb3e3ff14-5f5c-4608-8ecf-1885ce3da7aa\u00a0\u00bb header_font=\u00a0\u00bbDM Serif Display||||||||\u00a0\u00bb header_text_color=\u00a0\u00bb#000000&Prime; header_font_size=\u00a0\u00bb57px\u00a0\u00bb header_line_height=\u00a0\u00bb1.1em\u00a0\u00bb max_width=\u00a0\u00bb900px\u00a0\u00bb custom_margin=\u00a0\u00bb50px||||false|false\u00a0\u00bb custom_padding=\u00a0\u00bb2px|||0px||\u00a0\u00bb header_font_size_tablet=\u00a0\u00bb40px\u00a0\u00bb header_font_size_phone=\u00a0\u00bb24px\u00a0\u00bb header_font_size_last_edited=\u00a0\u00bbon|desktop\u00a0\u00bb locked=\u00a0\u00bboff\u00a0\u00bb global_colors_info=\u00a0\u00bb{}\u00a0\u00bb]<\/p>\n<h1>Rampe motoris\u00e9e pour plateaux<\/h1>\n<p>[\/et_pb_text][\/et_pb_column][\/et_pb_row][\/et_pb_section][et_pb_section fb_built=\u00a0\u00bb1&Prime; _builder_version=\u00a0\u00bb4.20.4&Prime; _module_preset=\u00a0\u00bbdefault\u00a0\u00bb custom_padding=\u00a0\u00bb32px||0px|||\u00a0\u00bb global_colors_info=\u00a0\u00bb{}\u00a0\u00bb][et_pb_row column_structure=\u00a0\u00bb3_5,2_5&Prime; _builder_version=\u00a0\u00bb4.20.4&Prime; _module_preset=\u00a0\u00bbdefault\u00a0\u00bb custom_padding=\u00a0\u00bb2px||3px|||\u00a0\u00bb global_colors_info=\u00a0\u00bb{}\u00a0\u00bb][et_pb_column type=\u00a0\u00bb3_5&Prime; _builder_version=\u00a0\u00bb4.20.4&Prime; _module_preset=\u00a0\u00bbdefault\u00a0\u00bb global_colors_info=\u00a0\u00bb{}\u00a0\u00bb][et_pb_text _builder_version=\u00a0\u00bb4.20.4&Prime; _module_preset=\u00a0\u00bbdefault\u00a0\u00bb text_font_size=\u00a0\u00bb15px\u00a0\u00bb header_font_size=\u00a0\u00bb33px\u00a0\u00bb header_2_font_size=\u00a0\u00bb30px\u00a0\u00bb custom_margin=\u00a0\u00bb||13px|||\u00a0\u00bb global_colors_info=\u00a0\u00bb{}\u00a0\u00bb]<\/p>\n<h2 style=\"text-align: justify;\"><b>Avantages<\/b><b><\/b><\/h2>\n<p>[\/et_pb_text][et_pb_text _builder_version=\u00a0\u00bb4.20.4&Prime; _module_preset=\u00a0\u00bbdefault\u00a0\u00bb global_colors_info=\u00a0\u00bb{}\u00a0\u00bb]<\/p>\n<ul>\n<li>Avancement des plateaux r\u00e9glable pour une vitesse et un flux contr\u00f4l\u00e9s<\/li>\n<li>Mains libres pour un tri plus facile, plus rapide et plus ergonomique pour les convives.<\/li>\n<li>Rampe motoris\u00e9e \u00e0 profondeur r\u00e9duite pour un acc\u00e8s facilit\u00e9 aux bacs de tri.<\/li>\n<\/ul>\n<p>[\/et_pb_text][et_pb_image src=\u00a0\u00bbhttps:\/\/validex.fr\/wp-content\/uploads\/2023\/05\/rampe-motorisee-.png\u00a0\u00bb title_text=\u00a0\u00bbrampe-motoris\u00e9e-\u00a0\u00bb _builder_version=\u00a0\u00bb4.20.4&Prime; _module_preset=\u00a0\u00bbdefault\u00a0\u00bb custom_padding=\u00a0\u00bb||3px|||\u00a0\u00bb hover_enabled=\u00a0\u00bb0&Prime; global_colors_info=\u00a0\u00bb{}\u00a0\u00bb sticky_enabled=\u00a0\u00bb0&Prime;][\/et_pb_image][\/et_pb_column][et_pb_column type=\u00a0\u00bb2_5&Prime; _builder_version=\u00a0\u00bb4.20.4&Prime; _module_preset=\u00a0\u00bbdefault\u00a0\u00bb global_colors_info=\u00a0\u00bb{}\u00a0\u00bb][et_pb_video src=\u00a0\u00bbhttps:\/\/validex.fr\/wp-content\/uploads\/2023\/05\/Media2.mp4&Prime; _builder_version=\u00a0\u00bb4.20.4&Prime; _module_preset=\u00a0\u00bbdefault\u00a0\u00bb global_colors_info=\u00a0\u00bb{}\u00a0\u00bb][\/et_pb_video][\/et_pb_column][\/et_pb_row][\/et_pb_section]<\/p>\n","protected":false},"excerpt":{"rendered":"<p>Rampe motoris\u00e9e pour plateauxAvantages Avancement des plateaux r\u00e9glable pour une vitesse et un flux contr\u00f4l\u00e9s Mains libres pour un tri plus facile, plus rapide et plus ergonomique pour les convives. Rampe motoris\u00e9e \u00e0 profondeur r\u00e9duite pour un acc\u00e8s facilit\u00e9 aux bacs de tri.<\/p>","protected":false},"author":1,"featured_media":0,"parent":0,"menu_order":0,"comment_status":"closed","ping_status":"closed","template":"","meta":{"_et_pb_use_builder":"on","_et_pb_old_content":"","_et_gb_content_width":"","cybocfi_hide_featured_image":"","footnotes":""},"dipi_cpt_category":[],"class_list":["post-720","page","type-page","status-publish","hentry"],"yoast_head":"<!-- This site is optimized with the Yoast SEO plugin v27.4 - https:\/\/yoast.com\/product\/yoast-seo-wordpress\/ -->\n<title>Rampe motoris\u00e9e pour plateaux - Validex<\/title>\n<meta name=\"robots\" content=\"index, follow, max-snippet:-1, max-image-preview:large, max-video-preview:-1\" \/>\n<link rel=\"canonical\" href=\"https:\/\/validex.fr\/es\/rampe-motorisee-pour-plateaux\/\" \/>\n<meta property=\"og:locale\" content=\"es_ES\" \/>\n<meta property=\"og:type\" content=\"article\" \/>\n<meta property=\"og:title\" content=\"Rampe motoris\u00e9e pour plateaux - Validex\" \/>\n<meta property=\"og:description\" content=\"Rampe motoris\u00e9e pour plateauxAvantages Avancement des plateaux r\u00e9glable pour une vitesse et un flux contr\u00f4l\u00e9s Mains libres pour un tri plus facile, plus rapide et plus ergonomique pour les convives. Rampe motoris\u00e9e \u00e0 profondeur r\u00e9duite pour un acc\u00e8s facilit\u00e9 aux bacs de tri.\" \/>\n<meta property=\"og:url\" content=\"https:\/\/validex.fr\/es\/rampe-motorisee-pour-plateaux\/\" \/>\n<meta property=\"og:site_name\" content=\"Validex\" \/>\n<meta property=\"article:modified_time\" content=\"2023-05-24T14:45:53+00:00\" \/>\n<meta name=\"twitter:card\" content=\"summary_large_image\" \/>\n<meta name=\"twitter:label1\" content=\"Tiempo de lectura\" \/>\n\t<meta name=\"twitter:data1\" content=\"2 minutos\" \/>\n<script type=\"application\/ld+json\" class=\"yoast-schema-graph\">{\"@context\":\"https:\\\/\\\/schema.org\",\"@graph\":[{\"@type\":\"WebPage\",\"@id\":\"https:\\\/\\\/validex.fr\\\/rampe-motorisee-pour-plateaux\\\/\",\"url\":\"https:\\\/\\\/validex.fr\\\/rampe-motorisee-pour-plateaux\\\/\",\"name\":\"Rampe motoris\u00e9e pour plateaux - Validex\",\"isPartOf\":{\"@id\":\"https:\\\/\\\/validex.fr\\\/#website\"},\"datePublished\":\"2023-05-24T14:41:16+00:00\",\"dateModified\":\"2023-05-24T14:45:53+00:00\",\"breadcrumb\":{\"@id\":\"https:\\\/\\\/validex.fr\\\/rampe-motorisee-pour-plateaux\\\/#breadcrumb\"},\"inLanguage\":\"es\",\"potentialAction\":[{\"@type\":\"ReadAction\",\"target\":[\"https:\\\/\\\/validex.fr\\\/rampe-motorisee-pour-plateaux\\\/\"]}]},{\"@type\":\"BreadcrumbList\",\"@id\":\"https:\\\/\\\/validex.fr\\\/rampe-motorisee-pour-plateaux\\\/#breadcrumb\",\"itemListElement\":[{\"@type\":\"ListItem\",\"position\":1,\"name\":\"Accueil\",\"item\":\"https:\\\/\\\/validex.fr\\\/\"},{\"@type\":\"ListItem\",\"position\":2,\"name\":\"Rampe motoris\u00e9e pour plateaux\"}]},{\"@type\":\"WebSite\",\"@id\":\"https:\\\/\\\/validex.fr\\\/#website\",\"url\":\"https:\\\/\\\/validex.fr\\\/\",\"name\":\"Validex\",\"description\":\"Cr\u00e9ateur de solutions pour laveries de restaurant.\",\"potentialAction\":[{\"@type\":\"SearchAction\",\"target\":{\"@type\":\"EntryPoint\",\"urlTemplate\":\"https:\\\/\\\/validex.fr\\\/?s={search_term_string}\"},\"query-input\":{\"@type\":\"PropertyValueSpecification\",\"valueRequired\":true,\"valueName\":\"search_term_string\"}}],\"inLanguage\":\"es\"}]}<\/script>\n<!-- \/ Yoast SEO plugin. -->","yoast_head_json":{"title":"Rampe motoris\u00e9e pour plateaux - Validex","robots":{"index":"index","follow":"follow","max-snippet":"max-snippet:-1","max-image-preview":"max-image-preview:large","max-video-preview":"max-video-preview:-1"},"canonical":"https:\/\/validex.fr\/es\/rampe-motorisee-pour-plateaux\/","og_locale":"es_ES","og_type":"article","og_title":"Rampe motoris\u00e9e pour plateaux - Validex","og_description":"Rampe motoris\u00e9e pour plateauxAvantages Avancement des plateaux r\u00e9glable pour une vitesse et un flux contr\u00f4l\u00e9s Mains libres pour un tri plus facile, plus rapide et plus ergonomique pour les convives. Rampe motoris\u00e9e \u00e0 profondeur r\u00e9duite pour un acc\u00e8s facilit\u00e9 aux bacs de tri.","og_url":"https:\/\/validex.fr\/es\/rampe-motorisee-pour-plateaux\/","og_site_name":"Validex","article_modified_time":"2023-05-24T14:45:53+00:00","twitter_card":"summary_large_image","twitter_misc":{"Tiempo de lectura":"2 minutos"},"schema":{"@context":"https:\/\/schema.org","@graph":[{"@type":"WebPage","@id":"https:\/\/validex.fr\/rampe-motorisee-pour-plateaux\/","url":"https:\/\/validex.fr\/rampe-motorisee-pour-plateaux\/","name":"Rampe motoris\u00e9e pour plateaux - Validex","isPartOf":{"@id":"https:\/\/validex.fr\/#website"},"datePublished":"2023-05-24T14:41:16+00:00","dateModified":"2023-05-24T14:45:53+00:00","breadcrumb":{"@id":"https:\/\/validex.fr\/rampe-motorisee-pour-plateaux\/#breadcrumb"},"inLanguage":"es","potentialAction":[{"@type":"ReadAction","target":["https:\/\/validex.fr\/rampe-motorisee-pour-plateaux\/"]}]},{"@type":"BreadcrumbList","@id":"https:\/\/validex.fr\/rampe-motorisee-pour-plateaux\/#breadcrumb","itemListElement":[{"@type":"ListItem","position":1,"name":"Accueil","item":"https:\/\/validex.fr\/"},{"@type":"ListItem","position":2,"name":"Rampe motoris\u00e9e pour plateaux"}]},{"@type":"WebSite","@id":"https:\/\/validex.fr\/#website","url":"https:\/\/validex.fr\/","name":"de la zona de lavado","description":"Cr\u00e9ateur de solutions pour laveries de restaurant.","potentialAction":[{"@type":"SearchAction","target":{"@type":"EntryPoint","urlTemplate":"https:\/\/validex.fr\/?s={search_term_string}"},"query-input":{"@type":"PropertyValueSpecification","valueRequired":true,"valueName":"search_term_string"}}],"inLanguage":"es"}]}},"_links":{"self":[{"href":"https:\/\/validex.fr\/es\/wp-json\/wp\/v2\/pages\/720","targetHints":{"allow":["GET"]}}],"collection":[{"href":"https:\/\/validex.fr\/es\/wp-json\/wp\/v2\/pages"}],"about":[{"href":"https:\/\/validex.fr\/es\/wp-json\/wp\/v2\/types\/page"}],"author":[{"embeddable":true,"href":"https:\/\/validex.fr\/es\/wp-json\/wp\/v2\/users\/1"}],"replies":[{"embeddable":true,"href":"https:\/\/validex.fr\/es\/wp-json\/wp\/v2\/comments?post=720"}],"version-history":[{"count":4,"href":"https:\/\/validex.fr\/es\/wp-json\/wp\/v2\/pages\/720\/revisions"}],"predecessor-version":[{"id":731,"href":"https:\/\/validex.fr\/es\/wp-json\/wp\/v2\/pages\/720\/revisions\/731"}],"wp:attachment":[{"href":"https:\/\/validex.fr\/es\/wp-json\/wp\/v2\/media?parent=720"}],"wp:term":[{"taxonomy":"dipi_cpt_category","embeddable":true,"href":"https:\/\/validex.fr\/es\/wp-json\/wp\/v2\/dipi_cpt_category?post=720"}],"curies":[{"name":"wp","href":"https:\/\/api.w.org\/{rel}","templated":true}]}}