{"id":576,"date":"2023-04-24T14:47:10","date_gmt":"2023-04-24T12:47:10","guid":{"rendered":"https:\/\/validex.fr\/?page_id=576"},"modified":"2025-03-26T16:20:44","modified_gmt":"2025-03-26T15:20:44","slug":"jeanson-de-sailly","status":"publish","type":"page","link":"https:\/\/validex.fr\/es\/jeanson-de-sailly\/","title":{"rendered":"Jeanson-de-Sailly"},"content":{"rendered":"<p>[et_pb_section fb_built=\u00a0\u00bb1&Prime; _builder_version=\u00a0\u00bb4.20.0&Prime; _module_preset=\u00a0\u00bbdefault\u00a0\u00bb global_colors_info=\u00a0\u00bb{}\u00a0\u00bb][et_pb_row _builder_version=\u00a0\u00bb4.20.0&Prime; _module_preset=\u00a0\u00bbdefault\u00a0\u00bb custom_margin=\u00a0\u00bb|auto|-6px|auto||\u00a0\u00bb global_colors_info=\u00a0\u00bb{}\u00a0\u00bb][et_pb_column type=\u00a0\u00bb4_4&Prime; _builder_version=\u00a0\u00bb4.20.0&Prime; _module_preset=\u00a0\u00bbdefault\u00a0\u00bb global_colors_info=\u00a0\u00bb{}\u00a0\u00bb][et_pb_text _builder_version=\u00a0\u00bb4.22.2&Prime; _module_preset=\u00a0\u00bbb3e3ff14-5f5c-4608-8ecf-1885ce3da7aa\u00a0\u00bb header_font=\u00a0\u00bb||||||||\u00a0\u00bb header_font_size=\u00a0\u00bb70px\u00a0\u00bb header_line_height=\u00a0\u00bb1.1em\u00a0\u00bb custom_margin=\u00a0\u00bb||10px|-50px|false|false\u00a0\u00bb header_font_size_tablet=\u00a0\u00bb40px\u00a0\u00bb header_font_size_phone=\u00a0\u00bb24px\u00a0\u00bb header_font_size_last_edited=\u00a0\u00bbon|desktop\u00a0\u00bb locked=\u00a0\u00bboff\u00a0\u00bb global_colors_info=\u00a0\u00bb{}\u00a0\u00bb]<\/p>\n<h1>Lyc\u00e9e Jeanson-de-Sailly<\/h1>\n<p>[\/et_pb_text][\/et_pb_column][\/et_pb_row][et_pb_row column_structure=\u00a0\u00bb1_2,1_2&Prime; _builder_version=\u00a0\u00bb4.27.4&Prime; _module_preset=\u00a0\u00bbdefault\u00a0\u00bb custom_padding=\u00a0\u00bb||30px|||\u00a0\u00bb global_colors_info=\u00a0\u00bb{}\u00a0\u00bb][et_pb_column type=\u00a0\u00bb1_2&Prime; _builder_version=\u00a0\u00bb4.20.0&Prime; _module_preset=\u00a0\u00bbdefault\u00a0\u00bb global_colors_info=\u00a0\u00bb{}\u00a0\u00bb][et_pb_text _builder_version=\u00a0\u00bb4.27.4&Prime; _module_preset=\u00a0\u00bbdefault\u00a0\u00bb text_font_size=\u00a0\u00bb15px\u00a0\u00bb custom_padding=\u00a0\u00bb31px|||||\u00a0\u00bb global_colors_info=\u00a0\u00bb{}\u00a0\u00bb]<\/p>\n<h1 style=\"text-align: justify;\"><strong>Contexte<\/strong><\/h1>\n<p style=\"text-align: justify;\">Le lyc\u00e9e Janson de Sailly est un b\u00e2timent historique, le premier lyc\u00e9e moderne voulu par Jules Ferry.<\/p>\n<p>[\/et_pb_text][et_pb_text _builder_version=\u00a0\u00bb4.27.4&Prime; _module_preset=\u00a0\u00bbdefault\u00a0\u00bb text_font_size=\u00a0\u00bb15px\u00a0\u00bb custom_padding=\u00a0\u00bb31px|||||\u00a0\u00bb hover_enabled=\u00a0\u00bb0&Prime; global_colors_info=\u00a0\u00bb{}\u00a0\u00bb sticky_enabled=\u00a0\u00bb0&Prime;]<\/p>\n<h1 style=\"text-align: justify;\"><strong>Probl\u00e9matique<\/strong><\/h1>\n<ul>\n<li style=\"text-align: justify;\">Un coll\u00e8ge et un lyc\u00e9e dans le m\u00eame b\u00e2timent : une cantine pour le coll\u00e8ge, une cantine pour le lyc\u00e9e et une seule zone de lavage de vaisselle situ\u00e9e en sous-sol<\/li>\n<li style=\"text-align: justify;\">Moderniser le tri et le lavage de la vaisselle en implantant des convoyeurs sans modification architecturale et en respectant la stricte charte des b\u00e2timents de France<\/li>\n<\/ul>\n<p>[\/et_pb_text][et_pb_text _builder_version=\u00a0\u00bb4.27.4&Prime; _module_preset=\u00a0\u00bbdefault\u00a0\u00bb text_font_size=\u00a0\u00bb15px\u00a0\u00bb custom_margin=\u00a0\u00bb|-567px||||\u00a0\u00bb custom_padding=\u00a0\u00bb31px|||||\u00a0\u00bb hover_enabled=\u00a0\u00bb0&Prime; global_colors_info=\u00a0\u00bb{}\u00a0\u00bb sticky_enabled=\u00a0\u00bb0&Prime;]<\/p>\n<h1 style=\"text-align: justify;\"><strong>Conception de la solution<\/strong><\/h1>\n<ul>\n<li style=\"text-align: justify;\">Un convoyeur de d\u00e9pose des plateaux reli\u00e9 \u00e0 un premier convoyeur vertical qui passe sous la dalle dans un encombrement de moins de 1 m2<\/li>\n<li style=\"text-align: justify;\">Un convoyeur horizontal suspendu au plafond est connect\u00e9 \u00e0 un second convoyeur vertical qui fait descendre les plateaux en laverie de vaisselle<\/li>\n<li style=\"text-align: justify;\">Un troisi\u00e8me convoyeur vertical ram\u00e8ne les plateaux de la deuxi\u00e8me cantine vers la laverie de vaisselle<\/li>\n<li style=\"text-align: justify;\">A la sortie des deux transporteurs verticaux, un aiguillage deux-en-un r\u00e9unit les deux lignes en une seule pour le tri de la vaisselle<\/li>\n<\/ul>\n<p>[\/et_pb_text][\/et_pb_column][et_pb_column type=\u00a0\u00bb1_2&Prime; _builder_version=\u00a0\u00bb4.20.0&Prime; _module_preset=\u00a0\u00bbdefault\u00a0\u00bb global_colors_info=\u00a0\u00bb{}\u00a0\u00bb][et_pb_image src=\u00a0\u00bbhttps:\/\/validex.fr\/wp-content\/uploads\/2025\/02\/Lycee-Jeanson-de-Sailly-2.png\u00a0\u00bb title_text=\u00a0\u00bbLyc\u00e9e Jeanson de Sailly 2&Prime; _builder_version=\u00a0\u00bb4.27.4&Prime; _module_preset=\u00a0\u00bbdefault\u00a0\u00bb custom_padding=\u00a0\u00bb30px|||||\u00a0\u00bb global_colors_info=\u00a0\u00bb{}\u00a0\u00bb][\/et_pb_image][\/et_pb_column][\/et_pb_row][et_pb_row _builder_version=\u00a0\u00bb4.27.4&Prime; _module_preset=\u00a0\u00bbdefault\u00a0\u00bb global_colors_info=\u00a0\u00bb{}\u00a0\u00bb][et_pb_column type=\u00a0\u00bb4_4&Prime; _builder_version=\u00a0\u00bb4.27.4&Prime; _module_preset=\u00a0\u00bbdefault\u00a0\u00bb global_colors_info=\u00a0\u00bb{}\u00a0\u00bb][et_pb_image src=\u00a0\u00bbhttps:\/\/validex.fr\/wp-content\/uploads\/2025\/02\/Lycee-Jeanson-de-Sailly.png\u00a0\u00bb title_text=\u00a0\u00bbLyce\u0301e Jeanson de Sailly\u00a0\u00bb align=\u00a0\u00bbcenter\u00a0\u00bb _builder_version=\u00a0\u00bb4.27.4&Prime; _module_preset=\u00a0\u00bbdefault\u00a0\u00bb global_colors_info=\u00a0\u00bb{}\u00a0\u00bb][\/et_pb_image][\/et_pb_column][\/et_pb_row][et_pb_row column_structure=\u00a0\u00bb1_5,1_5,1_5,1_5,1_5&Prime; _builder_version=\u00a0\u00bb4.20.0&Prime; _module_preset=\u00a0\u00bbdefault\u00a0\u00bb custom_margin=\u00a0\u00bb75px|auto||auto||\u00a0\u00bb global_colors_info=\u00a0\u00bb{}\u00a0\u00bb][et_pb_column type=\u00a0\u00bb1_5&Prime; _builder_version=\u00a0\u00bb4.20.0&Prime; _module_preset=\u00a0\u00bbdefault\u00a0\u00bb global_colors_info=\u00a0\u00bb{}\u00a0\u00bb][et_pb_image src=\u00a0\u00bbhttps:\/\/validex.fr\/wp-content\/uploads\/2023\/03\/espace.png\u00a0\u00bb title_text=\u00a0\u00bbespace\u00a0\u00bb _builder_version=\u00a0\u00bb4.20.0&Prime; _module_preset=\u00a0\u00bbdefault\u00a0\u00bb width=\u00a0\u00bb100%\u00a0\u00bb animation_style=\u00a0\u00bbzoom\u00a0\u00bb global_colors_info=\u00a0\u00bb{}\u00a0\u00bb][\/et_pb_image][\/et_pb_column][et_pb_column type=\u00a0\u00bb1_5&Prime; _builder_version=\u00a0\u00bb4.20.0&Prime; _module_preset=\u00a0\u00bbdefault\u00a0\u00bb global_colors_info=\u00a0\u00bb{}\u00a0\u00bb][et_pb_image src=\u00a0\u00bbhttps:\/\/validex.fr\/wp-content\/uploads\/2023\/03\/temps-.png\u00a0\u00bb title_text=\u00a0\u00bbtemps-\u00a0\u00bb _builder_version=\u00a0\u00bb4.20.0&Prime; _module_preset=\u00a0\u00bbdefault\u00a0\u00bb width=\u00a0\u00bb100%\u00a0\u00bb animation_style=\u00a0\u00bbzoom\u00a0\u00bb animation_delay=\u00a0\u00bb300ms\u00a0\u00bb global_colors_info=\u00a0\u00bb{}\u00a0\u00bb][\/et_pb_image][\/et_pb_column][et_pb_column type=\u00a0\u00bb1_5&Prime; _builder_version=\u00a0\u00bb4.20.0&Prime; _module_preset=\u00a0\u00bbdefault\u00a0\u00bb global_colors_info=\u00a0\u00bb{}\u00a0\u00bb][et_pb_image src=\u00a0\u00bbhttps:\/\/validex.fr\/wp-content\/uploads\/2023\/03\/ergonomie.png\u00a0\u00bb title_text=\u00a0\u00bbergonomie\u00a0\u00bb _builder_version=\u00a0\u00bb4.27.4&Prime; _module_preset=\u00a0\u00bbdefault\u00a0\u00bb width=\u00a0\u00bb100%\u00a0\u00bb animation_style=\u00a0\u00bbzoom\u00a0\u00bb animation_delay=\u00a0\u00bb600ms\u00a0\u00bb global_colors_info=\u00a0\u00bb{}\u00a0\u00bb][\/et_pb_image][\/et_pb_column][et_pb_column type=\u00a0\u00bb1_5&Prime; _builder_version=\u00a0\u00bb4.20.0&Prime; _module_preset=\u00a0\u00bbdefault\u00a0\u00bb global_colors_info=\u00a0\u00bb{}\u00a0\u00bb][\/et_pb_column][et_pb_column type=\u00a0\u00bb1_5&Prime; _builder_version=\u00a0\u00bb4.20.0&Prime; _module_preset=\u00a0\u00bbdefault\u00a0\u00bb global_colors_info=\u00a0\u00bb{}\u00a0\u00bb][\/et_pb_column][\/et_pb_row][\/et_pb_section]<\/p>\n","protected":false},"excerpt":{"rendered":"<p>Lyc\u00e9e Jeanson-de-SaillyContexte Le lyc\u00e9e Janson de Sailly est un b\u00e2timent historique, le premier lyc\u00e9e moderne voulu par Jules Ferry.Probl\u00e9matique Un coll\u00e8ge et un lyc\u00e9e dans le m\u00eame b\u00e2timent : une cantine pour le coll\u00e8ge, une cantine pour le lyc\u00e9e et une seule zone de lavage de vaisselle situ\u00e9e en sous-sol Moderniser le tri et le [&hellip;]<\/p>\n","protected":false},"author":1,"featured_media":0,"parent":0,"menu_order":0,"comment_status":"closed","ping_status":"closed","template":"","meta":{"_et_pb_use_builder":"on","_et_pb_old_content":"","_et_gb_content_width":"","cybocfi_hide_featured_image":"","footnotes":""},"dipi_cpt_category":[],"class_list":["post-576","page","type-page","status-publish","hentry"],"yoast_head":"<!-- This site is optimized with the Yoast SEO plugin v27.4 - https:\/\/yoast.com\/product\/yoast-seo-wordpress\/ -->\n<title>Jeanson-de-Sailly - Validex<\/title>\n<meta name=\"robots\" content=\"index, follow, max-snippet:-1, max-image-preview:large, max-video-preview:-1\" \/>\n<link rel=\"canonical\" href=\"https:\/\/validex.fr\/es\/jeanson-de-sailly\/\" \/>\n<meta property=\"og:locale\" content=\"es_ES\" \/>\n<meta property=\"og:type\" content=\"article\" \/>\n<meta property=\"og:title\" content=\"Jeanson-de-Sailly - Validex\" \/>\n<meta property=\"og:description\" content=\"Lyc\u00e9e Jeanson-de-SaillyContexte Le lyc\u00e9e Janson de Sailly est un b\u00e2timent historique, le premier lyc\u00e9e moderne voulu par Jules Ferry.Probl\u00e9matique Un coll\u00e8ge et un lyc\u00e9e dans le m\u00eame b\u00e2timent : une cantine pour le coll\u00e8ge, une cantine pour le lyc\u00e9e et une seule zone de lavage de vaisselle situ\u00e9e en sous-sol Moderniser le tri et le [&hellip;]\" \/>\n<meta property=\"og:url\" content=\"https:\/\/validex.fr\/es\/jeanson-de-sailly\/\" \/>\n<meta property=\"og:site_name\" content=\"Validex\" \/>\n<meta property=\"article:modified_time\" content=\"2025-03-26T15:20:44+00:00\" \/>\n<meta name=\"twitter:card\" content=\"summary_large_image\" \/>\n<meta name=\"twitter:label1\" content=\"Tiempo de lectura\" \/>\n\t<meta name=\"twitter:data1\" content=\"3 minutos\" \/>\n<script type=\"application\/ld+json\" class=\"yoast-schema-graph\">{\"@context\":\"https:\\\/\\\/schema.org\",\"@graph\":[{\"@type\":\"WebPage\",\"@id\":\"https:\\\/\\\/validex.fr\\\/jeanson-de-sailly\\\/\",\"url\":\"https:\\\/\\\/validex.fr\\\/jeanson-de-sailly\\\/\",\"name\":\"Jeanson-de-Sailly - Validex\",\"isPartOf\":{\"@id\":\"https:\\\/\\\/validex.fr\\\/#website\"},\"datePublished\":\"2023-04-24T12:47:10+00:00\",\"dateModified\":\"2025-03-26T15:20:44+00:00\",\"breadcrumb\":{\"@id\":\"https:\\\/\\\/validex.fr\\\/jeanson-de-sailly\\\/#breadcrumb\"},\"inLanguage\":\"es\",\"potentialAction\":[{\"@type\":\"ReadAction\",\"target\":[\"https:\\\/\\\/validex.fr\\\/jeanson-de-sailly\\\/\"]}]},{\"@type\":\"BreadcrumbList\",\"@id\":\"https:\\\/\\\/validex.fr\\\/jeanson-de-sailly\\\/#breadcrumb\",\"itemListElement\":[{\"@type\":\"ListItem\",\"position\":1,\"name\":\"Accueil\",\"item\":\"https:\\\/\\\/validex.fr\\\/\"},{\"@type\":\"ListItem\",\"position\":2,\"name\":\"Jeanson-de-Sailly\"}]},{\"@type\":\"WebSite\",\"@id\":\"https:\\\/\\\/validex.fr\\\/#website\",\"url\":\"https:\\\/\\\/validex.fr\\\/\",\"name\":\"Validex\",\"description\":\"Cr\u00e9ateur de solutions pour laveries de restaurant.\",\"potentialAction\":[{\"@type\":\"SearchAction\",\"target\":{\"@type\":\"EntryPoint\",\"urlTemplate\":\"https:\\\/\\\/validex.fr\\\/?s={search_term_string}\"},\"query-input\":{\"@type\":\"PropertyValueSpecification\",\"valueRequired\":true,\"valueName\":\"search_term_string\"}}],\"inLanguage\":\"es\"}]}<\/script>\n<!-- \/ Yoast SEO plugin. -->","yoast_head_json":{"title":"Jeanson-de-Sailly - Validex","robots":{"index":"index","follow":"follow","max-snippet":"max-snippet:-1","max-image-preview":"max-image-preview:large","max-video-preview":"max-video-preview:-1"},"canonical":"https:\/\/validex.fr\/es\/jeanson-de-sailly\/","og_locale":"es_ES","og_type":"article","og_title":"Jeanson-de-Sailly - Validex","og_description":"Lyc\u00e9e Jeanson-de-SaillyContexte Le lyc\u00e9e Janson de Sailly est un b\u00e2timent historique, le premier lyc\u00e9e moderne voulu par Jules Ferry.Probl\u00e9matique Un coll\u00e8ge et un lyc\u00e9e dans le m\u00eame b\u00e2timent : une cantine pour le coll\u00e8ge, une cantine pour le lyc\u00e9e et une seule zone de lavage de vaisselle situ\u00e9e en sous-sol Moderniser le tri et le [&hellip;]","og_url":"https:\/\/validex.fr\/es\/jeanson-de-sailly\/","og_site_name":"Validex","article_modified_time":"2025-03-26T15:20:44+00:00","twitter_card":"summary_large_image","twitter_misc":{"Tiempo de lectura":"3 minutos"},"schema":{"@context":"https:\/\/schema.org","@graph":[{"@type":"WebPage","@id":"https:\/\/validex.fr\/jeanson-de-sailly\/","url":"https:\/\/validex.fr\/jeanson-de-sailly\/","name":"Jeanson-de-Sailly - Validex","isPartOf":{"@id":"https:\/\/validex.fr\/#website"},"datePublished":"2023-04-24T12:47:10+00:00","dateModified":"2025-03-26T15:20:44+00:00","breadcrumb":{"@id":"https:\/\/validex.fr\/jeanson-de-sailly\/#breadcrumb"},"inLanguage":"es","potentialAction":[{"@type":"ReadAction","target":["https:\/\/validex.fr\/jeanson-de-sailly\/"]}]},{"@type":"BreadcrumbList","@id":"https:\/\/validex.fr\/jeanson-de-sailly\/#breadcrumb","itemListElement":[{"@type":"ListItem","position":1,"name":"Accueil","item":"https:\/\/validex.fr\/"},{"@type":"ListItem","position":2,"name":"Jeanson-de-Sailly"}]},{"@type":"WebSite","@id":"https:\/\/validex.fr\/#website","url":"https:\/\/validex.fr\/","name":"de la zona de lavado","description":"Cr\u00e9ateur de solutions pour laveries de restaurant.","potentialAction":[{"@type":"SearchAction","target":{"@type":"EntryPoint","urlTemplate":"https:\/\/validex.fr\/?s={search_term_string}"},"query-input":{"@type":"PropertyValueSpecification","valueRequired":true,"valueName":"search_term_string"}}],"inLanguage":"es"}]}},"_links":{"self":[{"href":"https:\/\/validex.fr\/es\/wp-json\/wp\/v2\/pages\/576","targetHints":{"allow":["GET"]}}],"collection":[{"href":"https:\/\/validex.fr\/es\/wp-json\/wp\/v2\/pages"}],"about":[{"href":"https:\/\/validex.fr\/es\/wp-json\/wp\/v2\/types\/page"}],"author":[{"embeddable":true,"href":"https:\/\/validex.fr\/es\/wp-json\/wp\/v2\/users\/1"}],"replies":[{"embeddable":true,"href":"https:\/\/validex.fr\/es\/wp-json\/wp\/v2\/comments?post=576"}],"version-history":[{"count":14,"href":"https:\/\/validex.fr\/es\/wp-json\/wp\/v2\/pages\/576\/revisions"}],"predecessor-version":[{"id":230498,"href":"https:\/\/validex.fr\/es\/wp-json\/wp\/v2\/pages\/576\/revisions\/230498"}],"wp:attachment":[{"href":"https:\/\/validex.fr\/es\/wp-json\/wp\/v2\/media?parent=576"}],"wp:term":[{"taxonomy":"dipi_cpt_category","embeddable":true,"href":"https:\/\/validex.fr\/es\/wp-json\/wp\/v2\/dipi_cpt_category?post=576"}],"curies":[{"name":"wp","href":"https:\/\/api.w.org\/{rel}","templated":true}]}}