{"id":405,"date":"2023-04-18T15:43:20","date_gmt":"2023-04-18T13:43:20","guid":{"rendered":"https:\/\/validex.fr\/?page_id=405"},"modified":"2023-09-29T18:24:34","modified_gmt":"2023-09-29T16:24:34","slug":"base-aerienne-721-de-rochefort","status":"publish","type":"page","link":"https:\/\/validex.fr\/es\/base-aerienne-721-de-rochefort\/","title":{"rendered":"Base a\u00e9rienne 721 de Rochefort"},"content":{"rendered":"<p>[et_pb_section fb_built=\u00a0\u00bb1&Prime; fullwidth=\u00a0\u00bbon\u00a0\u00bb _builder_version=\u00a0\u00bb4.21.0&Prime; _module_preset=\u00a0\u00bbdefault\u00a0\u00bb background_color=\u00a0\u00bbrgba(255,255,255,0.56)\u00a0\u00bb background_enable_video_mp4=\u00a0\u00bboff\u00a0\u00bb locked=\u00a0\u00bboff\u00a0\u00bb global_colors_info=\u00a0\u00bb{}\u00a0\u00bb][et_pb_fullwidth_menu menu_id=\u00a0\u00bb3&Prime; menu_style=\u00a0\u00bbcentered\u00a0\u00bb fullwidth_menu=\u00a0\u00bbon\u00a0\u00bb active_link_color=\u00a0\u00bb#2d95db\u00a0\u00bb _builder_version=\u00a0\u00bb4.22.2&Prime; _module_preset=\u00a0\u00bbdefault\u00a0\u00bb menu_font=\u00a0\u00bb|700|||||||\u00a0\u00bb menu_text_color=\u00a0\u00bb#000000&Prime; menu_font_size=\u00a0\u00bb16px\u00a0\u00bb sticky_position=\u00a0\u00bbtop\u00a0\u00bb global_colors_info=\u00a0\u00bb{}\u00a0\u00bb][\/et_pb_fullwidth_menu][\/et_pb_section][et_pb_section fb_built=\u00a0\u00bb1&Prime; _builder_version=\u00a0\u00bb4.20.0&Prime; _module_preset=\u00a0\u00bbdefault\u00a0\u00bb global_colors_info=\u00a0\u00bb{}\u00a0\u00bb][et_pb_row _builder_version=\u00a0\u00bb4.20.0&Prime; _module_preset=\u00a0\u00bbdefault\u00a0\u00bb custom_margin=\u00a0\u00bb|auto|-6px|auto||\u00a0\u00bb global_colors_info=\u00a0\u00bb{}\u00a0\u00bb][et_pb_column type=\u00a0\u00bb4_4&Prime; _builder_version=\u00a0\u00bb4.20.0&Prime; _module_preset=\u00a0\u00bbdefault\u00a0\u00bb global_colors_info=\u00a0\u00bb{}\u00a0\u00bb][et_pb_text _builder_version=\u00a0\u00bb4.22.2&Prime; _module_preset=\u00a0\u00bbb3e3ff14-5f5c-4608-8ecf-1885ce3da7aa\u00a0\u00bb header_font=\u00a0\u00bb||||||||\u00a0\u00bb header_font_size=\u00a0\u00bb70px\u00a0\u00bb header_line_height=\u00a0\u00bb1.1em\u00a0\u00bb custom_margin=\u00a0\u00bb||10px|-65px|false|false\u00a0\u00bb header_font_size_tablet=\u00a0\u00bb40px\u00a0\u00bb header_font_size_phone=\u00a0\u00bb24px\u00a0\u00bb header_font_size_last_edited=\u00a0\u00bbon|desktop\u00a0\u00bb locked=\u00a0\u00bboff\u00a0\u00bb global_colors_info=\u00a0\u00bb{}\u00a0\u00bb]<\/p>\n<h1>La Base A\u00e9rienne 721 de Rochefort<\/h1>\n<p>[\/et_pb_text][\/et_pb_column][\/et_pb_row][et_pb_row column_structure=\u00a0\u00bb1_2,1_2&Prime; _builder_version=\u00a0\u00bb4.20.0&Prime; _module_preset=\u00a0\u00bbdefault\u00a0\u00bb custom_padding=\u00a0\u00bb||0px|||\u00a0\u00bb global_colors_info=\u00a0\u00bb{}\u00a0\u00bb][et_pb_column type=\u00a0\u00bb1_2&Prime; _builder_version=\u00a0\u00bb4.20.0&Prime; _module_preset=\u00a0\u00bbdefault\u00a0\u00bb global_colors_info=\u00a0\u00bb{}\u00a0\u00bb][et_pb_text _builder_version=\u00a0\u00bb4.22.2&Prime; _module_preset=\u00a0\u00bbdefault\u00a0\u00bb text_font_size=\u00a0\u00bb15px\u00a0\u00bb global_colors_info=\u00a0\u00bb{}\u00a0\u00bb]<\/p>\n<h1 style=\"text-align: justify;\"><strong>Contexte<\/strong><\/h1>\n<p style=\"text-align: justify;\">Cr\u00e9\u00e9e en 1931, la Base A\u00e9rienne de Rochefort est un site historique de l\u2019arm\u00e9e de l\u2019air. En 1980 sont inaugur\u00e9s les nouveaux b\u00e2timents, dessin\u00e9s par l\u2019architecte Pierre Andr\u00e9 DUF\u00c9TEL.<span>\u00a0<\/span><em><strong>Les b\u00e2timents sont class\u00e9s au titre des monuments historiques.<\/strong><\/em><\/p>\n<p style=\"text-align: justify;\">En 2008, VALIDEX installe une solution de convoyage en laverie comprenant un polycorde, une goulotte \u00e0 d\u00e9chets, un r\u00e9cup\u00e9rateur magn\u00e9tique de couverts et une brosse motoris\u00e9e pour le nettoyage des plateaux.<\/p>\n<p>[\/et_pb_text][\/et_pb_column][et_pb_column type=\u00a0\u00bb1_2&Prime; _builder_version=\u00a0\u00bb4.20.0&Prime; _module_preset=\u00a0\u00bbdefault\u00a0\u00bb global_colors_info=\u00a0\u00bb{}\u00a0\u00bb][et_pb_image src=\u00a0\u00bbhttps:\/\/validex.fr\/wp-content\/uploads\/2023\/04\/mess.jpg\u00a0\u00bb title_text=\u00a0\u00bbmess\u00a0\u00bb _builder_version=\u00a0\u00bb4.20.4&Prime; _module_preset=\u00a0\u00bbdefault\u00a0\u00bb global_colors_info=\u00a0\u00bb{}\u00a0\u00bb][\/et_pb_image][\/et_pb_column][\/et_pb_row][et_pb_row _builder_version=\u00a0\u00bb4.20.0&Prime; _module_preset=\u00a0\u00bbdefault\u00a0\u00bb global_colors_info=\u00a0\u00bb{}\u00a0\u00bb][et_pb_column type=\u00a0\u00bb4_4&Prime; _builder_version=\u00a0\u00bb4.20.0&Prime; _module_preset=\u00a0\u00bbdefault\u00a0\u00bb global_colors_info=\u00a0\u00bb{}\u00a0\u00bb][et_pb_text _builder_version=\u00a0\u00bb4.22.2&Prime; _module_preset=\u00a0\u00bbdefault\u00a0\u00bb text_font_size=\u00a0\u00bb15px\u00a0\u00bb global_colors_info=\u00a0\u00bb{}\u00a0\u00bb]<\/p>\n<h1><strong>Conception de la solution<\/strong><\/h1>\n<ul>\n<li><span>Nous avons relev\u00e9 un d\u00e9fi technique d\u2019autant plus difficile que les contraintes architecturales dues au classement du b\u00e2timent sont extr\u00eamement strictes et obligent \u00e0 ce que le mat\u00e9riel soit int\u00e9gr\u00e9 parfaitement dans le b\u00e2ti.<\/span><\/li>\n<\/ul>\n<p>[\/et_pb_text][\/et_pb_column][\/et_pb_row][et_pb_row column_structure=\u00a0\u00bb1_6,1_6,1_6,1_2&Prime; _builder_version=\u00a0\u00bb4.20.0&Prime; _module_preset=\u00a0\u00bbdefault\u00a0\u00bb global_colors_info=\u00a0\u00bb{}\u00a0\u00bb][et_pb_column type=\u00a0\u00bb1_6&Prime; _builder_version=\u00a0\u00bb4.20.0&Prime; _module_preset=\u00a0\u00bbdefault\u00a0\u00bb global_colors_info=\u00a0\u00bb{}\u00a0\u00bb][et_pb_image src=\u00a0\u00bbhttps:\/\/validex.fr\/wp-content\/uploads\/2023\/03\/espace.png\u00a0\u00bb title_text=\u00a0\u00bbespace\u00a0\u00bb _builder_version=\u00a0\u00bb4.20.0&Prime; _module_preset=\u00a0\u00bbdefault\u00a0\u00bb width=\u00a0\u00bb100%\u00a0\u00bb animation_style=\u00a0\u00bbzoom\u00a0\u00bb global_colors_info=\u00a0\u00bb{}\u00a0\u00bb][\/et_pb_image][\/et_pb_column][et_pb_column type=\u00a0\u00bb1_6&Prime; _builder_version=\u00a0\u00bb4.20.0&Prime; _module_preset=\u00a0\u00bbdefault\u00a0\u00bb global_colors_info=\u00a0\u00bb{}\u00a0\u00bb][et_pb_image src=\u00a0\u00bbhttps:\/\/validex.fr\/wp-content\/uploads\/2023\/03\/temps-.png\u00a0\u00bb title_text=\u00a0\u00bbtemps-\u00a0\u00bb _builder_version=\u00a0\u00bb4.20.0&Prime; _module_preset=\u00a0\u00bbdefault\u00a0\u00bb width=\u00a0\u00bb100%\u00a0\u00bb animation_style=\u00a0\u00bbzoom\u00a0\u00bb animation_delay=\u00a0\u00bb300ms\u00a0\u00bb global_colors_info=\u00a0\u00bb{}\u00a0\u00bb][\/et_pb_image][\/et_pb_column][et_pb_column type=\u00a0\u00bb1_6&Prime; _builder_version=\u00a0\u00bb4.20.0&Prime; _module_preset=\u00a0\u00bbdefault\u00a0\u00bb global_colors_info=\u00a0\u00bb{}\u00a0\u00bb][et_pb_image src=\u00a0\u00bbhttps:\/\/validex.fr\/wp-content\/uploads\/2023\/03\/ergonomie.png\u00a0\u00bb title_text=\u00a0\u00bbergonomie\u00a0\u00bb _builder_version=\u00a0\u00bb4.20.0&Prime; _module_preset=\u00a0\u00bbdefault\u00a0\u00bb width=\u00a0\u00bb100%\u00a0\u00bb animation_style=\u00a0\u00bbzoom\u00a0\u00bb animation_delay=\u00a0\u00bb600ms\u00a0\u00bb global_colors_info=\u00a0\u00bb{}\u00a0\u00bb][\/et_pb_image][\/et_pb_column][et_pb_column type=\u00a0\u00bb1_2&Prime; _builder_version=\u00a0\u00bb4.20.0&Prime; _module_preset=\u00a0\u00bbdefault\u00a0\u00bb global_colors_info=\u00a0\u00bb{}\u00a0\u00bb][\/et_pb_column][\/et_pb_row][\/et_pb_section]<\/p>\n","protected":false},"excerpt":{"rendered":"<p>La Base A\u00e9rienne 721 de RochefortContexte Cr\u00e9\u00e9e en 1931, la Base A\u00e9rienne de Rochefort est un site historique de l\u2019arm\u00e9e de l\u2019air. En 1980 sont inaugur\u00e9s les nouveaux b\u00e2timents, dessin\u00e9s par l\u2019architecte Pierre Andr\u00e9 DUF\u00c9TEL.\u00a0Les b\u00e2timents sont class\u00e9s au titre des monuments historiques. En 2008, VALIDEX installe une solution de convoyage en laverie comprenant un [&hellip;]<\/p>\n","protected":false},"author":1,"featured_media":0,"parent":0,"menu_order":0,"comment_status":"closed","ping_status":"closed","template":"","meta":{"_et_pb_use_builder":"on","_et_pb_old_content":"","_et_gb_content_width":"","cybocfi_hide_featured_image":"","footnotes":""},"dipi_cpt_category":[],"class_list":["post-405","page","type-page","status-publish","hentry"],"yoast_head":"<!-- This site is optimized with the Yoast SEO plugin v27.4 - https:\/\/yoast.com\/product\/yoast-seo-wordpress\/ -->\n<title>Base a\u00e9rienne 721 de Rochefort - Validex<\/title>\n<meta name=\"robots\" content=\"index, follow, max-snippet:-1, max-image-preview:large, max-video-preview:-1\" \/>\n<link rel=\"canonical\" href=\"https:\/\/validex.fr\/es\/base-aerienne-721-de-rochefort\/\" \/>\n<meta property=\"og:locale\" content=\"es_ES\" \/>\n<meta property=\"og:type\" content=\"article\" \/>\n<meta property=\"og:title\" content=\"Base a\u00e9rienne 721 de Rochefort - Validex\" \/>\n<meta property=\"og:description\" content=\"La Base A\u00e9rienne 721 de RochefortContexte Cr\u00e9\u00e9e en 1931, la Base A\u00e9rienne de Rochefort est un site historique de l\u2019arm\u00e9e de l\u2019air. En 1980 sont inaugur\u00e9s les nouveaux b\u00e2timents, dessin\u00e9s par l\u2019architecte Pierre Andr\u00e9 DUF\u00c9TEL.\u00a0Les b\u00e2timents sont class\u00e9s au titre des monuments historiques. En 2008, VALIDEX installe une solution de convoyage en laverie comprenant un [&hellip;]\" \/>\n<meta property=\"og:url\" content=\"https:\/\/validex.fr\/es\/base-aerienne-721-de-rochefort\/\" \/>\n<meta property=\"og:site_name\" content=\"Validex\" \/>\n<meta property=\"article:modified_time\" content=\"2023-09-29T16:24:34+00:00\" \/>\n<meta name=\"twitter:card\" content=\"summary_large_image\" \/>\n<meta name=\"twitter:label1\" content=\"Tiempo de lectura\" \/>\n\t<meta name=\"twitter:data1\" content=\"3 minutos\" \/>\n<script type=\"application\/ld+json\" class=\"yoast-schema-graph\">{\"@context\":\"https:\\\/\\\/schema.org\",\"@graph\":[{\"@type\":\"WebPage\",\"@id\":\"https:\\\/\\\/validex.fr\\\/base-aerienne-721-de-rochefort\\\/\",\"url\":\"https:\\\/\\\/validex.fr\\\/base-aerienne-721-de-rochefort\\\/\",\"name\":\"Base a\u00e9rienne 721 de Rochefort - Validex\",\"isPartOf\":{\"@id\":\"https:\\\/\\\/validex.fr\\\/#website\"},\"datePublished\":\"2023-04-18T13:43:20+00:00\",\"dateModified\":\"2023-09-29T16:24:34+00:00\",\"breadcrumb\":{\"@id\":\"https:\\\/\\\/validex.fr\\\/base-aerienne-721-de-rochefort\\\/#breadcrumb\"},\"inLanguage\":\"es\",\"potentialAction\":[{\"@type\":\"ReadAction\",\"target\":[\"https:\\\/\\\/validex.fr\\\/base-aerienne-721-de-rochefort\\\/\"]}]},{\"@type\":\"BreadcrumbList\",\"@id\":\"https:\\\/\\\/validex.fr\\\/base-aerienne-721-de-rochefort\\\/#breadcrumb\",\"itemListElement\":[{\"@type\":\"ListItem\",\"position\":1,\"name\":\"Accueil\",\"item\":\"https:\\\/\\\/validex.fr\\\/\"},{\"@type\":\"ListItem\",\"position\":2,\"name\":\"Base a\u00e9rienne 721 de Rochefort\"}]},{\"@type\":\"WebSite\",\"@id\":\"https:\\\/\\\/validex.fr\\\/#website\",\"url\":\"https:\\\/\\\/validex.fr\\\/\",\"name\":\"Validex\",\"description\":\"Cr\u00e9ateur de solutions pour laveries de restaurant.\",\"potentialAction\":[{\"@type\":\"SearchAction\",\"target\":{\"@type\":\"EntryPoint\",\"urlTemplate\":\"https:\\\/\\\/validex.fr\\\/?s={search_term_string}\"},\"query-input\":{\"@type\":\"PropertyValueSpecification\",\"valueRequired\":true,\"valueName\":\"search_term_string\"}}],\"inLanguage\":\"es\"}]}<\/script>\n<!-- \/ Yoast SEO plugin. -->","yoast_head_json":{"title":"Base a\u00e9rienne 721 de Rochefort - Validex","robots":{"index":"index","follow":"follow","max-snippet":"max-snippet:-1","max-image-preview":"max-image-preview:large","max-video-preview":"max-video-preview:-1"},"canonical":"https:\/\/validex.fr\/es\/base-aerienne-721-de-rochefort\/","og_locale":"es_ES","og_type":"article","og_title":"Base a\u00e9rienne 721 de Rochefort - Validex","og_description":"La Base A\u00e9rienne 721 de RochefortContexte Cr\u00e9\u00e9e en 1931, la Base A\u00e9rienne de Rochefort est un site historique de l\u2019arm\u00e9e de l\u2019air. En 1980 sont inaugur\u00e9s les nouveaux b\u00e2timents, dessin\u00e9s par l\u2019architecte Pierre Andr\u00e9 DUF\u00c9TEL.\u00a0Les b\u00e2timents sont class\u00e9s au titre des monuments historiques. En 2008, VALIDEX installe une solution de convoyage en laverie comprenant un [&hellip;]","og_url":"https:\/\/validex.fr\/es\/base-aerienne-721-de-rochefort\/","og_site_name":"Validex","article_modified_time":"2023-09-29T16:24:34+00:00","twitter_card":"summary_large_image","twitter_misc":{"Tiempo de lectura":"3 minutos"},"schema":{"@context":"https:\/\/schema.org","@graph":[{"@type":"WebPage","@id":"https:\/\/validex.fr\/base-aerienne-721-de-rochefort\/","url":"https:\/\/validex.fr\/base-aerienne-721-de-rochefort\/","name":"Base a\u00e9rienne 721 de Rochefort - Validex","isPartOf":{"@id":"https:\/\/validex.fr\/#website"},"datePublished":"2023-04-18T13:43:20+00:00","dateModified":"2023-09-29T16:24:34+00:00","breadcrumb":{"@id":"https:\/\/validex.fr\/base-aerienne-721-de-rochefort\/#breadcrumb"},"inLanguage":"es","potentialAction":[{"@type":"ReadAction","target":["https:\/\/validex.fr\/base-aerienne-721-de-rochefort\/"]}]},{"@type":"BreadcrumbList","@id":"https:\/\/validex.fr\/base-aerienne-721-de-rochefort\/#breadcrumb","itemListElement":[{"@type":"ListItem","position":1,"name":"Accueil","item":"https:\/\/validex.fr\/"},{"@type":"ListItem","position":2,"name":"Base a\u00e9rienne 721 de Rochefort"}]},{"@type":"WebSite","@id":"https:\/\/validex.fr\/#website","url":"https:\/\/validex.fr\/","name":"de la zona de lavado","description":"Cr\u00e9ateur de solutions pour laveries de restaurant.","potentialAction":[{"@type":"SearchAction","target":{"@type":"EntryPoint","urlTemplate":"https:\/\/validex.fr\/?s={search_term_string}"},"query-input":{"@type":"PropertyValueSpecification","valueRequired":true,"valueName":"search_term_string"}}],"inLanguage":"es"}]}},"_links":{"self":[{"href":"https:\/\/validex.fr\/es\/wp-json\/wp\/v2\/pages\/405","targetHints":{"allow":["GET"]}}],"collection":[{"href":"https:\/\/validex.fr\/es\/wp-json\/wp\/v2\/pages"}],"about":[{"href":"https:\/\/validex.fr\/es\/wp-json\/wp\/v2\/types\/page"}],"author":[{"embeddable":true,"href":"https:\/\/validex.fr\/es\/wp-json\/wp\/v2\/users\/1"}],"replies":[{"embeddable":true,"href":"https:\/\/validex.fr\/es\/wp-json\/wp\/v2\/comments?post=405"}],"version-history":[{"count":5,"href":"https:\/\/validex.fr\/es\/wp-json\/wp\/v2\/pages\/405\/revisions"}],"predecessor-version":[{"id":1156,"href":"https:\/\/validex.fr\/es\/wp-json\/wp\/v2\/pages\/405\/revisions\/1156"}],"wp:attachment":[{"href":"https:\/\/validex.fr\/es\/wp-json\/wp\/v2\/media?parent=405"}],"wp:term":[{"taxonomy":"dipi_cpt_category","embeddable":true,"href":"https:\/\/validex.fr\/es\/wp-json\/wp\/v2\/dipi_cpt_category?post=405"}],"curies":[{"name":"wp","href":"https:\/\/api.w.org\/{rel}","templated":true}]}}