{"id":230212,"date":"2024-08-12T16:11:40","date_gmt":"2024-08-12T14:11:40","guid":{"rendered":"https:\/\/validex.fr\/?page_id=230212"},"modified":"2025-07-31T16:38:20","modified_gmt":"2025-07-31T14:38:20","slug":"convoyeur-a-palettes-pour-plateaux","status":"publish","type":"page","link":"https:\/\/validex.fr\/es\/convoyeur-a-palettes-pour-plateaux\/","title":{"rendered":"Transportador de charnelas para bandejas"},"content":{"rendered":"<p>[et_pb_section fb_built=\u00a0\u00bb1&Prime; _builder_version=\u00a0\u00bb4.27.4&Prime; _module_preset=\u00a0\u00bbdefault\u00a0\u00bb background_color=\u00a0\u00bbrgba(0,0,0,0.02)\u00a0\u00bb custom_padding=\u00a0\u00bb1px||2px|||\u00a0\u00bb locked=\u00a0\u00bboff\u00a0\u00bb global_colors_info=\u00a0\u00bb{}\u00a0\u00bb][et_pb_row _builder_version=\u00a0\u00bb4.21.0&Prime; _module_preset=\u00a0\u00bbdefault\u00a0\u00bb custom_padding=\u00a0\u00bb0px||0px||true|\u00a0\u00bb global_colors_info=\u00a0\u00bb{}\u00a0\u00bb][et_pb_column type=\u00a0\u00bb4_4&Prime; _builder_version=\u00a0\u00bb4.21.0&Prime; _module_preset=\u00a0\u00bbdefault\u00a0\u00bb global_colors_info=\u00a0\u00bb{}\u00a0\u00bb][et_pb_text _builder_version=\u00a0\u00bb4.27.4&Prime; _module_preset=\u00a0\u00bbb3e3ff14-5f5c-4608-8ecf-1885ce3da7aa\u00a0\u00bb header_font=\u00a0\u00bb|800|||||||\u00a0\u00bb header_text_color=\u00a0\u00bb#0c71c3&Prime; header_font_size=\u00a0\u00bb75px\u00a0\u00bb header_line_height=\u00a0\u00bb1.1em\u00a0\u00bb custom_margin=\u00a0\u00bb50px||||false|false\u00a0\u00bb custom_padding=\u00a0\u00bb4px|||0px||\u00a0\u00bb header_font_size_tablet=\u00a0\u00bb40px\u00a0\u00bb header_font_size_phone=\u00a0\u00bb24px\u00a0\u00bb header_font_size_last_edited=\u00a0\u00bbon|desktop\u00a0\u00bb locked=\u00a0\u00bboff\u00a0\u00bb global_colors_info=\u00a0\u00bb{}\u00a0\u00bb]<\/p>\n<h1>CONVOYEURS HORIZONTAUX POUR PLATEAUX<\/h1>\n<p>[\/et_pb_text][\/et_pb_column][\/et_pb_row][et_pb_row column_structure=\u00a0\u00bb3_5,2_5&Prime; _builder_version=\u00a0\u00bb4.27.4&Prime; _module_preset=\u00a0\u00bbdefault\u00a0\u00bb global_colors_info=\u00a0\u00bb{}\u00a0\u00bb][et_pb_column type=\u00a0\u00bb3_5&Prime; _builder_version=\u00a0\u00bb4.27.4&Prime; _module_preset=\u00a0\u00bbdefault\u00a0\u00bb global_colors_info=\u00a0\u00bb{}\u00a0\u00bb][et_pb_text _builder_version=\u00a0\u00bb4.27.4&Prime; _module_preset=\u00a0\u00bbb3e3ff14-5f5c-4608-8ecf-1885ce3da7aa\u00a0\u00bb header_font=\u00a0\u00bb||||||||\u00a0\u00bb header_text_color=\u00a0\u00bb#5e5e5e\u00a0\u00bb header_font_size=\u00a0\u00bb40px\u00a0\u00bb header_line_height=\u00a0\u00bb1.1em\u00a0\u00bb custom_margin=\u00a0\u00bb0px||-15px||false|false\u00a0\u00bb custom_padding=\u00a0\u00bb4px||0px|0px||\u00a0\u00bb header_font_size_tablet=\u00a0\u00bb40px\u00a0\u00bb header_font_size_phone=\u00a0\u00bb24px\u00a0\u00bb header_font_size_last_edited=\u00a0\u00bbon|desktop\u00a0\u00bb locked=\u00a0\u00bboff\u00a0\u00bb global_colors_info=\u00a0\u00bb{}\u00a0\u00bb]<\/p>\n<h1>LE CONVOYEUR A PALETTES<\/h1>\n<p>[\/et_pb_text][\/et_pb_column][et_pb_column type=\u00a0\u00bb2_5&Prime; _builder_version=\u00a0\u00bb4.27.4&Prime; _module_preset=\u00a0\u00bbdefault\u00a0\u00bb global_colors_info=\u00a0\u00bb{}\u00a0\u00bb][et_pb_button button_url=\u00a0\u00bb\/wp-content\/uploads\/2024\/08\/FT-CPPEVO-Convoyeur-a-palettes-pour-plateaux.pdf\u00a0\u00bb url_new_window=\u00a0\u00bbon\u00a0\u00bb button_text=\u00a0\u00bbFiche technique &#8211; Convoyeur \u00e0 palettes\u00a0\u00bb button_alignment=\u00a0\u00bbright\u00a0\u00bb _builder_version=\u00a0\u00bb4.27.4&Prime; _module_preset=\u00a0\u00bbdefault\u00a0\u00bb custom_button=\u00a0\u00bbon\u00a0\u00bb button_text_size=\u00a0\u00bb15px\u00a0\u00bb button_text_color=\u00a0\u00bb#005096&Prime; button_bg_color=\u00a0\u00bb#FFFFFF\u00a0\u00bb button_border_width=\u00a0\u00bb1px\u00a0\u00bb button_border_color=\u00a0\u00bbRGBA(255,255,255,0)\u00a0\u00bb button_border_radius=\u00a0\u00bb18px\u00a0\u00bb button_icon=\u00a0\u00bb&#x24;||divi||400&Prime; custom_margin=\u00a0\u00bb12px||0px||false|false\u00a0\u00bb custom_padding=\u00a0\u00bb1px||1px||false|false\u00a0\u00bb box_shadow_style=\u00a0\u00bbpreset3&Prime; box_shadow_horizontal=\u00a0\u00bb7px\u00a0\u00bb box_shadow_vertical=\u00a0\u00bb4px\u00a0\u00bb locked=\u00a0\u00bboff\u00a0\u00bb global_colors_info=\u00a0\u00bb{}\u00a0\u00bb][\/et_pb_button][\/et_pb_column][\/et_pb_row][\/et_pb_section][et_pb_section fb_built=\u00a0\u00bb1&Prime; admin_label=\u00a0\u00bbFAQ\u00a0\u00bb _builder_version=\u00a0\u00bb4.20.4&Prime; _module_preset=\u00a0\u00bbdefault\u00a0\u00bb background_enable_color=\u00a0\u00bboff\u00a0\u00bb background_image=\u00a0\u00bbhttps:\/\/validex.fr\/wp-content\/uploads\/2023\/04\/cantine-nb.jpg\u00a0\u00bb background_enable_mask_style=\u00a0\u00bbon\u00a0\u00bb background_mask_style=\u00a0\u00bbwave\u00a0\u00bb custom_padding=\u00a0\u00bb5px||3px|||\u00a0\u00bb locked=\u00a0\u00bboff\u00a0\u00bb global_colors_info=\u00a0\u00bb{%22gcid-0ce8a763-63f9-4b73-a0c5-972528f981a1%22:%91%93}\u00a0\u00bb][et_pb_row _builder_version=\u00a0\u00bb4.16&Prime; _module_preset=\u00a0\u00bbdefault\u00a0\u00bb custom_padding=\u00a0\u00bb||0px|||\u00a0\u00bb global_colors_info=\u00a0\u00bb{}\u00a0\u00bb][et_pb_column type=\u00a0\u00bb4_4&Prime; _builder_version=\u00a0\u00bb4.16&Prime; _module_preset=\u00a0\u00bbdefault\u00a0\u00bb global_colors_info=\u00a0\u00bb{}\u00a0\u00bb][et_pb_text _builder_version=\u00a0\u00bb4.27.4&Prime; _module_preset=\u00a0\u00bbdefault\u00a0\u00bb custom_padding=\u00a0\u00bb10px|||||\u00a0\u00bb global_colors_info=\u00a0\u00bb{}\u00a0\u00bb]<\/p>\n<p style=\"text-align: justify;\">Le convoyeur \u00e0 palettes pour plateaux permet de transporter des plateaux de toutes tailles de la salle de restaurant vers la laverie ainsi que de la vaisselle en vrac.<\/p>\n<p style=\"text-align: justify;\">[\/et_pb_text][\/et_pb_column][\/et_pb_row][et_pb_row column_structure=\u00a0\u00bb1_2,1_2&Prime; _builder_version=\u00a0\u00bb4.16&Prime; _module_preset=\u00a0\u00bbdefault\u00a0\u00bb min_height=\u00a0\u00bb633.9px\u00a0\u00bb custom_padding=\u00a0\u00bb||0px|||\u00a0\u00bb global_colors_info=\u00a0\u00bb{}\u00a0\u00bb][et_pb_column type=\u00a0\u00bb1_2&Prime; _builder_version=\u00a0\u00bb4.16&Prime; _module_preset=\u00a0\u00bbdefault\u00a0\u00bb global_colors_info=\u00a0\u00bb{}\u00a0\u00bb][et_pb_text _builder_version=\u00a0\u00bb4.27.4&Prime; _module_preset=\u00a0\u00bbdefault\u00a0\u00bb global_colors_info=\u00a0\u00bb{}\u00a0\u00bb]<\/p>\n<h2><strong>Caract\u00e9ristiques techniques<\/strong><\/h2>\n<p><strong><\/strong><\/p>\n<ul>\n<li style=\"text-align: justify;\">Ch\u00e2ssis tout inox<\/li>\n<li style=\"text-align: justify;\">Transmission par cha\u00eene<\/li>\n<li style=\"text-align: justify;\">Courbes motoris\u00e9es standards 90\u00b0\/180\u00b0<\/li>\n<li style=\"text-align: justify;\">Palettes avec articulation rotule en plastique haute performance guid\u00e9es en continu<\/li>\n<li style=\"text-align: justify;\">Palettes lavables en machine<\/li>\n<\/ul>\n<p><strong><\/strong><\/p>\n<p><strong><\/strong><\/p>\n<p><strong><\/strong><\/p>\n<p><strong><\/strong><\/p>\n<p><strong><\/strong><\/p>\n<p><strong><\/strong><\/p>\n<p><strong><\/strong><\/p>\n<p><strong><\/strong><\/p>\n<p><strong><\/strong><\/p>\n<p><strong><\/strong><\/p>\n<h2><strong>Options<\/strong><\/h2>\n<p><strong><\/strong><\/p>\n<p><strong><\/strong><\/p>\n<ul>\n<li style=\"text-align: justify;\">D\u00e9tecteur d\u2019objets \u00e0 balancier ou par cellule permettant l\u2019arr\u00eat du convoyeur en cas de d\u00e9tection d\u2019un objet rest\u00e9 sur un plateau<\/li>\n<li style=\"text-align: justify;\">Rouleau de glisse en fin de convoyeur pour :\n<ul>\n<li>Transfert et stockage des plateaux sur un chariot \u00e0 niveau constant<\/li>\n<li>Transfert des plateaux dans un lave-plateaux<\/li>\n<\/ul>\n<\/li>\n<li style=\"text-align: justify;\">But\u00e9e fin de course permettant l\u2019arr\u00eat du convoyeur en cas de d\u00e9tection d\u2019un plateau<\/li>\n<\/ul>\n<p>[\/et_pb_text][\/et_pb_column][et_pb_column type=\u00a0\u00bb1_2&Prime; _builder_version=\u00a0\u00bb4.16&Prime; _module_preset=\u00a0\u00bbdefault\u00a0\u00bb global_colors_info=\u00a0\u00bb{}\u00a0\u00bb][et_pb_image src=\u00a0\u00bbhttps:\/\/validex.fr\/wp-content\/uploads\/2024\/08\/Image-3D-CPPEVO-1.jpg\u00a0\u00bb title_text=\u00a0\u00bbImage 3D CPPEVO 1&Prime; _builder_version=\u00a0\u00bb4.27.4&Prime; _module_preset=\u00a0\u00bbdefault\u00a0\u00bb global_colors_info=\u00a0\u00bb{}\u00a0\u00bb][\/et_pb_image][et_pb_text _builder_version=\u00a0\u00bb4.27.4&Prime; _module_preset=\u00a0\u00bbdefault\u00a0\u00bb min_height=\u00a0\u00bb179px\u00a0\u00bb global_colors_info=\u00a0\u00bb{}\u00a0\u00bb]<\/p>\n<h2><strong><\/strong><\/h2>\n<h2><strong><\/strong><\/h2>\n<h2><strong><\/strong><\/h2>\n<h2><strong><\/strong><\/h2>\n<h2><strong><\/strong><\/h2>\n<h2><strong>Equipements compl\u00e9mentaires<\/strong><strong><\/strong><\/h2>\n<p><strong><\/strong><\/p>\n<p><strong><\/strong><\/p>\n<ul>\n<li style=\"text-align: justify;\">Extracteur magn\u00e9tique de couverts<\/li>\n<li style=\"text-align: justify;\">Brosse \u00e0 plateaux<\/li>\n<li style=\"text-align: justify;\"><a href=\"https:\/\/validex.fr\/convoyeurs-horizontaux\/\">Convoyeurs \u00e0 cordes<\/a><\/li>\n<\/ul>\n<p>[\/et_pb_text][\/et_pb_column][\/et_pb_row][\/et_pb_section]<\/p>\n","protected":false},"excerpt":{"rendered":"<p>CONVOYEURS HORIZONTAUX POUR PLATEAUXLE CONVOYEUR A PALETTESLe convoyeur \u00e0 palettes pour plateaux permet de transporter des plateaux de toutes tailles de la salle de restaurant vers la laverie ainsi que de la vaisselle en vrac. Caract\u00e9ristiques techniques Ch\u00e2ssis tout inox Transmission par cha\u00eene Courbes motoris\u00e9es standards 90\u00b0\/180\u00b0 Palettes avec articulation rotule en plastique haute performance [&hellip;]<\/p>\n","protected":false},"author":1,"featured_media":230213,"parent":0,"menu_order":0,"comment_status":"closed","ping_status":"closed","template":"","meta":{"_et_pb_use_builder":"on","_et_pb_old_content":"","_et_gb_content_width":"","cybocfi_hide_featured_image":"","footnotes":""},"dipi_cpt_category":[],"class_list":["post-230212","page","type-page","status-publish","has-post-thumbnail","hentry"],"yoast_head":"<!-- This site is optimized with the Yoast SEO plugin v27.4 - https:\/\/yoast.com\/product\/yoast-seo-wordpress\/ -->\n<title>Convoyeur \u00e0 palettes pour plateaux - Validex<\/title>\n<meta name=\"robots\" content=\"index, follow, max-snippet:-1, max-image-preview:large, max-video-preview:-1\" \/>\n<link rel=\"canonical\" href=\"https:\/\/validex.fr\/es\/convoyeur-a-palettes-pour-plateaux\/\" \/>\n<meta property=\"og:locale\" content=\"es_ES\" \/>\n<meta property=\"og:type\" content=\"article\" \/>\n<meta property=\"og:title\" content=\"Convoyeur \u00e0 palettes pour plateaux - Validex\" \/>\n<meta property=\"og:description\" content=\"CONVOYEURS HORIZONTAUX POUR PLATEAUXLE CONVOYEUR A PALETTESLe convoyeur \u00e0 palettes pour plateaux permet de transporter des plateaux de toutes tailles de la salle de restaurant vers la laverie ainsi que de la vaisselle en vrac. Caract\u00e9ristiques techniques Ch\u00e2ssis tout inox Transmission par cha\u00eene Courbes motoris\u00e9es standards 90\u00b0\/180\u00b0 Palettes avec articulation rotule en plastique haute performance [&hellip;]\" \/>\n<meta property=\"og:url\" content=\"https:\/\/validex.fr\/es\/convoyeur-a-palettes-pour-plateaux\/\" \/>\n<meta property=\"og:site_name\" content=\"Validex\" \/>\n<meta property=\"article:modified_time\" content=\"2025-07-31T14:38:20+00:00\" \/>\n<meta property=\"og:image\" content=\"https:\/\/validex.fr\/wp-content\/uploads\/2024\/08\/Image-3D-CPPEVO-1.jpg\" \/>\n\t<meta property=\"og:image:width\" content=\"1083\" \/>\n\t<meta property=\"og:image:height\" content=\"583\" \/>\n\t<meta property=\"og:image:type\" content=\"image\/jpeg\" \/>\n<meta name=\"twitter:card\" content=\"summary_large_image\" \/>\n<meta name=\"twitter:label1\" content=\"Tiempo de lectura\" \/>\n\t<meta name=\"twitter:data1\" content=\"4 minutos\" \/>\n<script type=\"application\/ld+json\" class=\"yoast-schema-graph\">{\"@context\":\"https:\\\/\\\/schema.org\",\"@graph\":[{\"@type\":\"WebPage\",\"@id\":\"https:\\\/\\\/validex.fr\\\/convoyeur-a-palettes-pour-plateaux\\\/\",\"url\":\"https:\\\/\\\/validex.fr\\\/convoyeur-a-palettes-pour-plateaux\\\/\",\"name\":\"Convoyeur \u00e0 palettes pour plateaux - Validex\",\"isPartOf\":{\"@id\":\"https:\\\/\\\/validex.fr\\\/#website\"},\"primaryImageOfPage\":{\"@id\":\"https:\\\/\\\/validex.fr\\\/convoyeur-a-palettes-pour-plateaux\\\/#primaryimage\"},\"image\":{\"@id\":\"https:\\\/\\\/validex.fr\\\/convoyeur-a-palettes-pour-plateaux\\\/#primaryimage\"},\"thumbnailUrl\":\"https:\\\/\\\/validex.fr\\\/wp-content\\\/uploads\\\/2024\\\/08\\\/Image-3D-CPPEVO-1.jpg\",\"datePublished\":\"2024-08-12T14:11:40+00:00\",\"dateModified\":\"2025-07-31T14:38:20+00:00\",\"breadcrumb\":{\"@id\":\"https:\\\/\\\/validex.fr\\\/convoyeur-a-palettes-pour-plateaux\\\/#breadcrumb\"},\"inLanguage\":\"es\",\"potentialAction\":[{\"@type\":\"ReadAction\",\"target\":[\"https:\\\/\\\/validex.fr\\\/convoyeur-a-palettes-pour-plateaux\\\/\"]}]},{\"@type\":\"ImageObject\",\"inLanguage\":\"es\",\"@id\":\"https:\\\/\\\/validex.fr\\\/convoyeur-a-palettes-pour-plateaux\\\/#primaryimage\",\"url\":\"https:\\\/\\\/validex.fr\\\/wp-content\\\/uploads\\\/2024\\\/08\\\/Image-3D-CPPEVO-1.jpg\",\"contentUrl\":\"https:\\\/\\\/validex.fr\\\/wp-content\\\/uploads\\\/2024\\\/08\\\/Image-3D-CPPEVO-1.jpg\",\"width\":1083,\"height\":583},{\"@type\":\"BreadcrumbList\",\"@id\":\"https:\\\/\\\/validex.fr\\\/convoyeur-a-palettes-pour-plateaux\\\/#breadcrumb\",\"itemListElement\":[{\"@type\":\"ListItem\",\"position\":1,\"name\":\"Accueil\",\"item\":\"https:\\\/\\\/validex.fr\\\/\"},{\"@type\":\"ListItem\",\"position\":2,\"name\":\"Convoyeur \u00e0 palettes pour plateaux\"}]},{\"@type\":\"WebSite\",\"@id\":\"https:\\\/\\\/validex.fr\\\/#website\",\"url\":\"https:\\\/\\\/validex.fr\\\/\",\"name\":\"Validex\",\"description\":\"Cr\u00e9ateur de solutions pour laveries de restaurant.\",\"potentialAction\":[{\"@type\":\"SearchAction\",\"target\":{\"@type\":\"EntryPoint\",\"urlTemplate\":\"https:\\\/\\\/validex.fr\\\/?s={search_term_string}\"},\"query-input\":{\"@type\":\"PropertyValueSpecification\",\"valueRequired\":true,\"valueName\":\"search_term_string\"}}],\"inLanguage\":\"es\"}]}<\/script>\n<!-- \/ Yoast SEO plugin. -->","yoast_head_json":{"title":"Convoyeur \u00e0 palettes pour plateaux - Validex","robots":{"index":"index","follow":"follow","max-snippet":"max-snippet:-1","max-image-preview":"max-image-preview:large","max-video-preview":"max-video-preview:-1"},"canonical":"https:\/\/validex.fr\/es\/convoyeur-a-palettes-pour-plateaux\/","og_locale":"es_ES","og_type":"article","og_title":"Convoyeur \u00e0 palettes pour plateaux - Validex","og_description":"CONVOYEURS HORIZONTAUX POUR PLATEAUXLE CONVOYEUR A PALETTESLe convoyeur \u00e0 palettes pour plateaux permet de transporter des plateaux de toutes tailles de la salle de restaurant vers la laverie ainsi que de la vaisselle en vrac. Caract\u00e9ristiques techniques Ch\u00e2ssis tout inox Transmission par cha\u00eene Courbes motoris\u00e9es standards 90\u00b0\/180\u00b0 Palettes avec articulation rotule en plastique haute performance [&hellip;]","og_url":"https:\/\/validex.fr\/es\/convoyeur-a-palettes-pour-plateaux\/","og_site_name":"Validex","article_modified_time":"2025-07-31T14:38:20+00:00","og_image":[{"width":1083,"height":583,"url":"https:\/\/validex.fr\/wp-content\/uploads\/2024\/08\/Image-3D-CPPEVO-1.jpg","type":"image\/jpeg"}],"twitter_card":"summary_large_image","twitter_misc":{"Tiempo de lectura":"4 minutos"},"schema":{"@context":"https:\/\/schema.org","@graph":[{"@type":"WebPage","@id":"https:\/\/validex.fr\/convoyeur-a-palettes-pour-plateaux\/","url":"https:\/\/validex.fr\/convoyeur-a-palettes-pour-plateaux\/","name":"Convoyeur \u00e0 palettes pour plateaux - Validex","isPartOf":{"@id":"https:\/\/validex.fr\/#website"},"primaryImageOfPage":{"@id":"https:\/\/validex.fr\/convoyeur-a-palettes-pour-plateaux\/#primaryimage"},"image":{"@id":"https:\/\/validex.fr\/convoyeur-a-palettes-pour-plateaux\/#primaryimage"},"thumbnailUrl":"https:\/\/validex.fr\/wp-content\/uploads\/2024\/08\/Image-3D-CPPEVO-1.jpg","datePublished":"2024-08-12T14:11:40+00:00","dateModified":"2025-07-31T14:38:20+00:00","breadcrumb":{"@id":"https:\/\/validex.fr\/convoyeur-a-palettes-pour-plateaux\/#breadcrumb"},"inLanguage":"es","potentialAction":[{"@type":"ReadAction","target":["https:\/\/validex.fr\/convoyeur-a-palettes-pour-plateaux\/"]}]},{"@type":"ImageObject","inLanguage":"es","@id":"https:\/\/validex.fr\/convoyeur-a-palettes-pour-plateaux\/#primaryimage","url":"https:\/\/validex.fr\/wp-content\/uploads\/2024\/08\/Image-3D-CPPEVO-1.jpg","contentUrl":"https:\/\/validex.fr\/wp-content\/uploads\/2024\/08\/Image-3D-CPPEVO-1.jpg","width":1083,"height":583},{"@type":"BreadcrumbList","@id":"https:\/\/validex.fr\/convoyeur-a-palettes-pour-plateaux\/#breadcrumb","itemListElement":[{"@type":"ListItem","position":1,"name":"Accueil","item":"https:\/\/validex.fr\/"},{"@type":"ListItem","position":2,"name":"Convoyeur \u00e0 palettes pour plateaux"}]},{"@type":"WebSite","@id":"https:\/\/validex.fr\/#website","url":"https:\/\/validex.fr\/","name":"de la zona de lavado","description":"Cr\u00e9ateur de solutions pour laveries de restaurant.","potentialAction":[{"@type":"SearchAction","target":{"@type":"EntryPoint","urlTemplate":"https:\/\/validex.fr\/?s={search_term_string}"},"query-input":{"@type":"PropertyValueSpecification","valueRequired":true,"valueName":"search_term_string"}}],"inLanguage":"es"}]}},"_links":{"self":[{"href":"https:\/\/validex.fr\/es\/wp-json\/wp\/v2\/pages\/230212","targetHints":{"allow":["GET"]}}],"collection":[{"href":"https:\/\/validex.fr\/es\/wp-json\/wp\/v2\/pages"}],"about":[{"href":"https:\/\/validex.fr\/es\/wp-json\/wp\/v2\/types\/page"}],"author":[{"embeddable":true,"href":"https:\/\/validex.fr\/es\/wp-json\/wp\/v2\/users\/1"}],"replies":[{"embeddable":true,"href":"https:\/\/validex.fr\/es\/wp-json\/wp\/v2\/comments?post=230212"}],"version-history":[{"count":12,"href":"https:\/\/validex.fr\/es\/wp-json\/wp\/v2\/pages\/230212\/revisions"}],"predecessor-version":[{"id":230768,"href":"https:\/\/validex.fr\/es\/wp-json\/wp\/v2\/pages\/230212\/revisions\/230768"}],"wp:featuredmedia":[{"embeddable":true,"href":"https:\/\/validex.fr\/es\/wp-json\/wp\/v2\/media\/230213"}],"wp:attachment":[{"href":"https:\/\/validex.fr\/es\/wp-json\/wp\/v2\/media?parent=230212"}],"wp:term":[{"taxonomy":"dipi_cpt_category","embeddable":true,"href":"https:\/\/validex.fr\/es\/wp-json\/wp\/v2\/dipi_cpt_category?post=230212"}],"curies":[{"name":"wp","href":"https:\/\/api.w.org\/{rel}","templated":true}]}}