{"id":412,"date":"2023-04-18T15:54:03","date_gmt":"2023-04-18T13:54:03","guid":{"rendered":"https:\/\/validex.fr\/?page_id=412"},"modified":"2023-09-29T17:02:01","modified_gmt":"2023-09-29T15:02:01","slug":"chu-limoges","status":"publish","type":"page","link":"https:\/\/validex.fr\/en\/chu-limoges\/","title":{"rendered":"Chu Limoges"},"content":{"rendered":"<p>[et_pb_section fb_built=\u00a0\u00bb1&Prime; _builder_version=\u00a0\u00bb4.20.0&Prime; _module_preset=\u00a0\u00bbdefault\u00a0\u00bb global_colors_info=\u00a0\u00bb{}\u00a0\u00bb][et_pb_row _builder_version=\u00a0\u00bb4.20.0&Prime; _module_preset=\u00a0\u00bbdefault\u00a0\u00bb custom_margin=\u00a0\u00bb|auto|-6px|auto||\u00a0\u00bb global_colors_info=\u00a0\u00bb{}\u00a0\u00bb][et_pb_column type=\u00a0\u00bb4_4&Prime; _builder_version=\u00a0\u00bb4.20.0&Prime; _module_preset=\u00a0\u00bbdefault\u00a0\u00bb global_colors_info=\u00a0\u00bb{}\u00a0\u00bb][et_pb_text _builder_version=\u00a0\u00bb4.22.2&Prime; _module_preset=\u00a0\u00bbb3e3ff14-5f5c-4608-8ecf-1885ce3da7aa\u00a0\u00bb header_font=\u00a0\u00bb||||||||\u00a0\u00bb header_font_size=\u00a0\u00bb70px\u00a0\u00bb header_line_height=\u00a0\u00bb1.1em\u00a0\u00bb custom_margin=\u00a0\u00bb||10px|-50px|false|false\u00a0\u00bb hover_enabled=\u00a0\u00bb0&Prime; header_font_size_tablet=\u00a0\u00bb40px\u00a0\u00bb header_font_size_phone=\u00a0\u00bb24px\u00a0\u00bb header_font_size_last_edited=\u00a0\u00bbon|desktop\u00a0\u00bb global_colors_info=\u00a0\u00bb{}\u00a0\u00bb locked=\u00a0\u00bboff\u00a0\u00bb sticky_enabled=\u00a0\u00bb0&Prime;]<\/p>\n<h1>CHU Limoges<\/h1>\n<p>[\/et_pb_text][\/et_pb_column][\/et_pb_row][et_pb_row column_structure=\u00a0\u00bb1_2,1_2&Prime; _builder_version=\u00a0\u00bb4.20.0&Prime; _module_preset=\u00a0\u00bbdefault\u00a0\u00bb custom_padding=\u00a0\u00bb||0px|||\u00a0\u00bb global_colors_info=\u00a0\u00bb{}\u00a0\u00bb][et_pb_column type=\u00a0\u00bb1_2&Prime; _builder_version=\u00a0\u00bb4.20.0&Prime; _module_preset=\u00a0\u00bbdefault\u00a0\u00bb global_colors_info=\u00a0\u00bb{}\u00a0\u00bb][et_pb_text _builder_version=\u00a0\u00bb4.22.2&Prime; _module_preset=\u00a0\u00bbdefault\u00a0\u00bb hover_enabled=\u00a0\u00bb0&Prime; global_colors_info=\u00a0\u00bb{}\u00a0\u00bb sticky_enabled=\u00a0\u00bb0&Prime;]<\/p>\n<h1 style=\"text-align: justify;\"><strong>Contexte<\/strong><\/h1>\n<p style=\"text-align: justify;\">Tous nos mat\u00e9riels peuvent \u00eatre mis \u00e0 jour, transform\u00e9s, et am\u00e9lior\u00e9s.<br \/>Modifiez vos locaux sans changer de mat\u00e9riel !<\/p>\n<p>[\/et_pb_text][et_pb_text _builder_version=\u00a0\u00bb4.22.2&Prime; _module_preset=\u00a0\u00bbdefault\u00a0\u00bb hover_enabled=\u00a0\u00bb0&Prime; global_colors_info=\u00a0\u00bb{}\u00a0\u00bb sticky_enabled=\u00a0\u00bb0&Prime;]<\/p>\n<h1 style=\"text-align: justify;\"><strong>Probl\u00e9matique<\/strong><\/h1>\n<ul>\n<li><span>Utiliser les deux convoyeurs d\u00e9j\u00e0 existants pour ramener les plateaux sales dans une laverie (sens inverse) en respectant les contraintes m\u00e9caniques et les contraintes strictes de l\u2019hygi\u00e8ne hospitali\u00e8re.<\/span><\/li>\n<li><span>Ne pas changer le mat\u00e9riel en place (8000 plateaux x 365 jours x 18 ans de service en parfait \u00e9tat).<\/span><\/li>\n<\/ul>\n<p>[\/et_pb_text][et_pb_text _builder_version=\u00a0\u00bb4.22.2&Prime; _module_preset=\u00a0\u00bbdefault\u00a0\u00bb hover_enabled=\u00a0\u00bb0&Prime; global_colors_info=\u00a0\u00bb{}\u00a0\u00bb sticky_enabled=\u00a0\u00bb0&Prime;]<\/p>\n<h1><strong>Conception de la solution<\/strong><\/h1>\n<ul>\n<li>modification des convoyeurs pour permettre la marche \u00e0 double sens.\n<ul>\n<li>Transformation de l\u2019armoire \u00e9lectrique.<\/li>\n<li>Ajout d\u2019un automate.<\/li>\n<\/ul>\n<\/li>\n<\/ul>\n<p>[\/et_pb_text][\/et_pb_column][et_pb_column type=\u00a0\u00bb1_2&Prime; _builder_version=\u00a0\u00bb4.20.0&Prime; _module_preset=\u00a0\u00bbdefault\u00a0\u00bb global_colors_info=\u00a0\u00bb{}\u00a0\u00bb][et_pb_video src=\u00a0\u00bbhttps:\/\/youtu.be\/vfuL47CEUJQ\u00a0\u00bb _builder_version=\u00a0\u00bb4.20.4&Prime; _module_preset=\u00a0\u00bbdefault\u00a0\u00bb global_colors_info=\u00a0\u00bb{}\u00a0\u00bb][\/et_pb_video][\/et_pb_column][\/et_pb_row][et_pb_row column_structure=\u00a0\u00bb1_5,1_5,1_5,1_5,1_5&Prime; _builder_version=\u00a0\u00bb4.20.0&Prime; _module_preset=\u00a0\u00bbdefault\u00a0\u00bb global_colors_info=\u00a0\u00bb{}\u00a0\u00bb][et_pb_column type=\u00a0\u00bb1_5&Prime; _builder_version=\u00a0\u00bb4.20.0&Prime; _module_preset=\u00a0\u00bbdefault\u00a0\u00bb global_colors_info=\u00a0\u00bb{}\u00a0\u00bb][et_pb_image src=\u00a0\u00bbhttps:\/\/validex.fr\/wp-content\/uploads\/2023\/03\/espace.png\u00a0\u00bb title_text=\u00a0\u00bbespace\u00a0\u00bb _builder_version=\u00a0\u00bb4.20.0&Prime; _module_preset=\u00a0\u00bbdefault\u00a0\u00bb width=\u00a0\u00bb100%\u00a0\u00bb animation_style=\u00a0\u00bbzoom\u00a0\u00bb global_colors_info=\u00a0\u00bb{}\u00a0\u00bb][\/et_pb_image][\/et_pb_column][et_pb_column type=\u00a0\u00bb1_5&Prime; _builder_version=\u00a0\u00bb4.20.0&Prime; _module_preset=\u00a0\u00bbdefault\u00a0\u00bb global_colors_info=\u00a0\u00bb{}\u00a0\u00bb][et_pb_image src=\u00a0\u00bbhttps:\/\/validex.fr\/wp-content\/uploads\/2023\/03\/temps-.png\u00a0\u00bb title_text=\u00a0\u00bbtemps-\u00a0\u00bb _builder_version=\u00a0\u00bb4.20.0&Prime; _module_preset=\u00a0\u00bbdefault\u00a0\u00bb width=\u00a0\u00bb100%\u00a0\u00bb animation_style=\u00a0\u00bbzoom\u00a0\u00bb animation_delay=\u00a0\u00bb300ms\u00a0\u00bb global_colors_info=\u00a0\u00bb{}\u00a0\u00bb][\/et_pb_image][\/et_pb_column][et_pb_column type=\u00a0\u00bb1_5&Prime; _builder_version=\u00a0\u00bb4.20.0&Prime; _module_preset=\u00a0\u00bbdefault\u00a0\u00bb global_colors_info=\u00a0\u00bb{}\u00a0\u00bb][et_pb_image src=\u00a0\u00bbhttps:\/\/validex.fr\/wp-content\/uploads\/2023\/03\/hygiene.png\u00a0\u00bb title_text=\u00a0\u00bbhygiene\u00a0\u00bb _builder_version=\u00a0\u00bb4.20.0&Prime; _module_preset=\u00a0\u00bbdefault\u00a0\u00bb width=\u00a0\u00bb100%\u00a0\u00bb animation_style=\u00a0\u00bbzoom\u00a0\u00bb animation_delay=\u00a0\u00bb600ms\u00a0\u00bb global_colors_info=\u00a0\u00bb{}\u00a0\u00bb][\/et_pb_image][\/et_pb_column][et_pb_column type=\u00a0\u00bb1_5&Prime; _builder_version=\u00a0\u00bb4.20.0&Prime; _module_preset=\u00a0\u00bbdefault\u00a0\u00bb global_colors_info=\u00a0\u00bb{}\u00a0\u00bb][\/et_pb_column][et_pb_column type=\u00a0\u00bb1_5&Prime; _builder_version=\u00a0\u00bb4.20.0&Prime; _module_preset=\u00a0\u00bbdefault\u00a0\u00bb global_colors_info=\u00a0\u00bb{}\u00a0\u00bb][\/et_pb_column][\/et_pb_row][\/et_pb_section]<\/p>\n","protected":false},"excerpt":{"rendered":"<p>CHU LimogesContexte Tous nos mat\u00e9riels peuvent \u00eatre mis \u00e0 jour, transform\u00e9s, et am\u00e9lior\u00e9s.Modifiez vos locaux sans changer de mat\u00e9riel !Probl\u00e9matique Utiliser les deux convoyeurs d\u00e9j\u00e0 existants pour ramener les plateaux sales dans une laverie (sens inverse) en respectant les contraintes m\u00e9caniques et les contraintes strictes de l\u2019hygi\u00e8ne hospitali\u00e8re. Ne pas changer le mat\u00e9riel en place [&hellip;]<\/p>\n","protected":false},"author":1,"featured_media":0,"parent":0,"menu_order":0,"comment_status":"closed","ping_status":"closed","template":"","meta":{"_et_pb_use_builder":"on","_et_pb_old_content":"","_et_gb_content_width":"","cybocfi_hide_featured_image":"","footnotes":""},"dipi_cpt_category":[],"class_list":["post-412","page","type-page","status-publish","hentry"],"yoast_head":"<!-- This site is optimized with the Yoast SEO plugin v27.5 - https:\/\/yoast.com\/product\/yoast-seo-wordpress\/ -->\n<title>Chu Limoges - Validex<\/title>\n<meta name=\"robots\" content=\"index, follow, max-snippet:-1, max-image-preview:large, max-video-preview:-1\" \/>\n<link rel=\"canonical\" href=\"https:\/\/validex.fr\/en\/chu-limoges\/\" \/>\n<meta property=\"og:locale\" content=\"en_US\" \/>\n<meta property=\"og:type\" content=\"article\" \/>\n<meta property=\"og:title\" content=\"Chu Limoges - Validex\" \/>\n<meta property=\"og:description\" content=\"CHU LimogesContexte Tous nos mat\u00e9riels peuvent \u00eatre mis \u00e0 jour, transform\u00e9s, et am\u00e9lior\u00e9s.Modifiez vos locaux sans changer de mat\u00e9riel !Probl\u00e9matique Utiliser les deux convoyeurs d\u00e9j\u00e0 existants pour ramener les plateaux sales dans une laverie (sens inverse) en respectant les contraintes m\u00e9caniques et les contraintes strictes de l\u2019hygi\u00e8ne hospitali\u00e8re. Ne pas changer le mat\u00e9riel en place [&hellip;]\" \/>\n<meta property=\"og:url\" content=\"https:\/\/validex.fr\/en\/chu-limoges\/\" \/>\n<meta property=\"og:site_name\" content=\"Validex\" \/>\n<meta property=\"article:modified_time\" content=\"2023-09-29T15:02:01+00:00\" \/>\n<meta name=\"twitter:card\" content=\"summary_large_image\" \/>\n<meta name=\"twitter:label1\" content=\"Est. reading time\" \/>\n\t<meta name=\"twitter:data1\" content=\"3 minutes\" \/>\n<script type=\"application\/ld+json\" class=\"yoast-schema-graph\">{\"@context\":\"https:\\\/\\\/schema.org\",\"@graph\":[{\"@type\":\"WebPage\",\"@id\":\"https:\\\/\\\/validex.fr\\\/chu-limoges\\\/\",\"url\":\"https:\\\/\\\/validex.fr\\\/chu-limoges\\\/\",\"name\":\"Chu Limoges - Validex\",\"isPartOf\":{\"@id\":\"https:\\\/\\\/validex.fr\\\/#website\"},\"datePublished\":\"2023-04-18T13:54:03+00:00\",\"dateModified\":\"2023-09-29T15:02:01+00:00\",\"breadcrumb\":{\"@id\":\"https:\\\/\\\/validex.fr\\\/chu-limoges\\\/#breadcrumb\"},\"inLanguage\":\"en-US\",\"potentialAction\":[{\"@type\":\"ReadAction\",\"target\":[\"https:\\\/\\\/validex.fr\\\/chu-limoges\\\/\"]}]},{\"@type\":\"BreadcrumbList\",\"@id\":\"https:\\\/\\\/validex.fr\\\/chu-limoges\\\/#breadcrumb\",\"itemListElement\":[{\"@type\":\"ListItem\",\"position\":1,\"name\":\"Accueil\",\"item\":\"https:\\\/\\\/validex.fr\\\/\"},{\"@type\":\"ListItem\",\"position\":2,\"name\":\"Chu Limoges\"}]},{\"@type\":\"WebSite\",\"@id\":\"https:\\\/\\\/validex.fr\\\/#website\",\"url\":\"https:\\\/\\\/validex.fr\\\/\",\"name\":\"Validex\",\"description\":\"Cr\u00e9ateur de solutions pour laveries de restaurant.\",\"potentialAction\":[{\"@type\":\"SearchAction\",\"target\":{\"@type\":\"EntryPoint\",\"urlTemplate\":\"https:\\\/\\\/validex.fr\\\/?s={search_term_string}\"},\"query-input\":{\"@type\":\"PropertyValueSpecification\",\"valueRequired\":true,\"valueName\":\"search_term_string\"}}],\"inLanguage\":\"en-US\"}]}<\/script>\n<!-- \/ Yoast SEO plugin. -->","yoast_head_json":{"title":"Chu Limoges - Validex","robots":{"index":"index","follow":"follow","max-snippet":"max-snippet:-1","max-image-preview":"max-image-preview:large","max-video-preview":"max-video-preview:-1"},"canonical":"https:\/\/validex.fr\/en\/chu-limoges\/","og_locale":"en_US","og_type":"article","og_title":"Chu Limoges - Validex","og_description":"CHU LimogesContexte Tous nos mat\u00e9riels peuvent \u00eatre mis \u00e0 jour, transform\u00e9s, et am\u00e9lior\u00e9s.Modifiez vos locaux sans changer de mat\u00e9riel !Probl\u00e9matique Utiliser les deux convoyeurs d\u00e9j\u00e0 existants pour ramener les plateaux sales dans une laverie (sens inverse) en respectant les contraintes m\u00e9caniques et les contraintes strictes de l\u2019hygi\u00e8ne hospitali\u00e8re. Ne pas changer le mat\u00e9riel en place [&hellip;]","og_url":"https:\/\/validex.fr\/en\/chu-limoges\/","og_site_name":"Validex","article_modified_time":"2023-09-29T15:02:01+00:00","twitter_card":"summary_large_image","twitter_misc":{"Est. reading time":"3 minutes"},"schema":{"@context":"https:\/\/schema.org","@graph":[{"@type":"WebPage","@id":"https:\/\/validex.fr\/chu-limoges\/","url":"https:\/\/validex.fr\/chu-limoges\/","name":"Chu Limoges - Validex","isPartOf":{"@id":"https:\/\/validex.fr\/#website"},"datePublished":"2023-04-18T13:54:03+00:00","dateModified":"2023-09-29T15:02:01+00:00","breadcrumb":{"@id":"https:\/\/validex.fr\/chu-limoges\/#breadcrumb"},"inLanguage":"en-US","potentialAction":[{"@type":"ReadAction","target":["https:\/\/validex.fr\/chu-limoges\/"]}]},{"@type":"BreadcrumbList","@id":"https:\/\/validex.fr\/chu-limoges\/#breadcrumb","itemListElement":[{"@type":"ListItem","position":1,"name":"Accueil","item":"https:\/\/validex.fr\/"},{"@type":"ListItem","position":2,"name":"Chu Limoges"}]},{"@type":"WebSite","@id":"https:\/\/validex.fr\/#website","url":"https:\/\/validex.fr\/","name":"wash-up area environment","description":"Cr\u00e9ateur de solutions pour laveries de restaurant.","potentialAction":[{"@type":"SearchAction","target":{"@type":"EntryPoint","urlTemplate":"https:\/\/validex.fr\/?s={search_term_string}"},"query-input":{"@type":"PropertyValueSpecification","valueRequired":true,"valueName":"search_term_string"}}],"inLanguage":"en-US"}]}},"_links":{"self":[{"href":"https:\/\/validex.fr\/en\/wp-json\/wp\/v2\/pages\/412","targetHints":{"allow":["GET"]}}],"collection":[{"href":"https:\/\/validex.fr\/en\/wp-json\/wp\/v2\/pages"}],"about":[{"href":"https:\/\/validex.fr\/en\/wp-json\/wp\/v2\/types\/page"}],"author":[{"embeddable":true,"href":"https:\/\/validex.fr\/en\/wp-json\/wp\/v2\/users\/1"}],"replies":[{"embeddable":true,"href":"https:\/\/validex.fr\/en\/wp-json\/wp\/v2\/comments?post=412"}],"version-history":[{"count":4,"href":"https:\/\/validex.fr\/en\/wp-json\/wp\/v2\/pages\/412\/revisions"}],"predecessor-version":[{"id":1143,"href":"https:\/\/validex.fr\/en\/wp-json\/wp\/v2\/pages\/412\/revisions\/1143"}],"wp:attachment":[{"href":"https:\/\/validex.fr\/en\/wp-json\/wp\/v2\/media?parent=412"}],"wp:term":[{"taxonomy":"dipi_cpt_category","embeddable":true,"href":"https:\/\/validex.fr\/en\/wp-json\/wp\/v2\/dipi_cpt_category?post=412"}],"curies":[{"name":"wp","href":"https:\/\/api.w.org\/{rel}","templated":true}]}}