{"id":230219,"date":"2024-08-12T16:27:52","date_gmt":"2024-08-12T14:27:52","guid":{"rendered":"https:\/\/validex.fr\/?page_id=230219"},"modified":"2025-07-31T16:36:14","modified_gmt":"2025-07-31T14:36:14","slug":"rampe-a-plateaux-motorisee","status":"publish","type":"page","link":"https:\/\/validex.fr\/en\/rampe-a-plateaux-motorisee\/","title":{"rendered":"Motorized tray slide"},"content":{"rendered":"<p>[et_pb_section fb_built=\u00a0\u00bb1&Prime; _builder_version=\u00a0\u00bb4.27.4&Prime; _module_preset=\u00a0\u00bbdefault\u00a0\u00bb background_color=\u00a0\u00bbrgba(0,0,0,0.02)\u00a0\u00bb custom_padding=\u00a0\u00bb1px||2px|||\u00a0\u00bb locked=\u00a0\u00bboff\u00a0\u00bb global_colors_info=\u00a0\u00bb{}\u00a0\u00bb][et_pb_row _builder_version=\u00a0\u00bb4.21.0&Prime; _module_preset=\u00a0\u00bbdefault\u00a0\u00bb custom_padding=\u00a0\u00bb0px||0px||true|\u00a0\u00bb global_colors_info=\u00a0\u00bb{}\u00a0\u00bb][et_pb_column type=\u00a0\u00bb4_4&Prime; _builder_version=\u00a0\u00bb4.21.0&Prime; _module_preset=\u00a0\u00bbdefault\u00a0\u00bb global_colors_info=\u00a0\u00bb{}\u00a0\u00bb][et_pb_text _builder_version=\u00a0\u00bb4.27.4&Prime; _module_preset=\u00a0\u00bbb3e3ff14-5f5c-4608-8ecf-1885ce3da7aa\u00a0\u00bb header_font=\u00a0\u00bb|800|||||||\u00a0\u00bb header_text_color=\u00a0\u00bb#0c71c3&Prime; header_font_size=\u00a0\u00bb75px\u00a0\u00bb header_line_height=\u00a0\u00bb1.1em\u00a0\u00bb custom_margin=\u00a0\u00bb50px||||false|false\u00a0\u00bb custom_padding=\u00a0\u00bb4px|||0px||\u00a0\u00bb header_font_size_tablet=\u00a0\u00bb40px\u00a0\u00bb header_font_size_phone=\u00a0\u00bb24px\u00a0\u00bb header_font_size_last_edited=\u00a0\u00bbon|desktop\u00a0\u00bb locked=\u00a0\u00bboff\u00a0\u00bb global_colors_info=\u00a0\u00bb{}\u00a0\u00bb]<\/p>\n<h1>CONVOYEURS HORIZONTAUX POUR PLATEAUX<\/h1>\n<p>[\/et_pb_text][\/et_pb_column][\/et_pb_row][et_pb_row column_structure=\u00a0\u00bb3_4,1_4&Prime; _builder_version=\u00a0\u00bb4.27.4&Prime; _module_preset=\u00a0\u00bbdefault\u00a0\u00bb global_colors_info=\u00a0\u00bb{}\u00a0\u00bb][et_pb_column type=\u00a0\u00bb3_4&Prime; _builder_version=\u00a0\u00bb4.27.4&Prime; _module_preset=\u00a0\u00bbdefault\u00a0\u00bb global_colors_info=\u00a0\u00bb{}\u00a0\u00bb][et_pb_text _builder_version=\u00a0\u00bb4.27.4&Prime; _module_preset=\u00a0\u00bbb3e3ff14-5f5c-4608-8ecf-1885ce3da7aa\u00a0\u00bb text_text_color=\u00a0\u00bb#E02B20&Prime; text_font_size=\u00a0\u00bb18px\u00a0\u00bb header_font=\u00a0\u00bb||||||||\u00a0\u00bb header_text_color=\u00a0\u00bb#5e5e5e\u00a0\u00bb header_font_size=\u00a0\u00bb40px\u00a0\u00bb header_line_height=\u00a0\u00bb1.1em\u00a0\u00bb custom_margin=\u00a0\u00bb0px||-15px||false|false\u00a0\u00bb custom_padding=\u00a0\u00bb4px|||0px||\u00a0\u00bb header_font_size_tablet=\u00a0\u00bb40px\u00a0\u00bb header_font_size_phone=\u00a0\u00bb24px\u00a0\u00bb header_font_size_last_edited=\u00a0\u00bbon|desktop\u00a0\u00bb locked=\u00a0\u00bboff\u00a0\u00bb global_colors_info=\u00a0\u00bb{}\u00a0\u00bb]<\/p>\n<h1>LA RAMPE A PLATEAUX MOTORISEE<\/h1>\n<p>[\/et_pb_text][\/et_pb_column][et_pb_column type=\u00a0\u00bb1_4&Prime; _builder_version=\u00a0\u00bb4.27.4&Prime; _module_preset=\u00a0\u00bbdefault\u00a0\u00bb global_colors_info=\u00a0\u00bb{}\u00a0\u00bb][et_pb_button button_url=\u00a0\u00bb\/wp-content\/uploads\/2024\/08\/FT-RPM-Rampe-de-tri-motorisee.pdf\u00a0\u00bb url_new_window=\u00a0\u00bbon\u00a0\u00bb button_text=\u00a0\u00bbFiche technique &#8211; Rampe \u00e0 plateaux motoris\u00e9e\u00a0\u00bb button_alignment=\u00a0\u00bbright\u00a0\u00bb _builder_version=\u00a0\u00bb4.27.4&Prime; _module_preset=\u00a0\u00bbdefault\u00a0\u00bb custom_button=\u00a0\u00bbon\u00a0\u00bb button_text_size=\u00a0\u00bb15px\u00a0\u00bb button_text_color=\u00a0\u00bb#005096&Prime; button_bg_color=\u00a0\u00bb#FFFFFF\u00a0\u00bb button_border_width=\u00a0\u00bb1px\u00a0\u00bb button_border_color=\u00a0\u00bbRGBA(255,255,255,0)\u00a0\u00bb button_border_radius=\u00a0\u00bb18px\u00a0\u00bb button_icon=\u00a0\u00bb&#x24;||divi||400&Prime; custom_margin=\u00a0\u00bb15px|0px|0px|-127px|false|false\u00a0\u00bb custom_padding=\u00a0\u00bb1px|10px|1px|11px|false|false\u00a0\u00bb box_shadow_style=\u00a0\u00bbpreset3&Prime; box_shadow_horizontal=\u00a0\u00bb7px\u00a0\u00bb box_shadow_vertical=\u00a0\u00bb4px\u00a0\u00bb locked=\u00a0\u00bboff\u00a0\u00bb global_colors_info=\u00a0\u00bb{}\u00a0\u00bb][\/et_pb_button][\/et_pb_column][\/et_pb_row][\/et_pb_section][et_pb_section fb_built=\u00a0\u00bb1&Prime; admin_label=\u00a0\u00bbFAQ\u00a0\u00bb _builder_version=\u00a0\u00bb4.20.4&Prime; _module_preset=\u00a0\u00bbdefault\u00a0\u00bb background_enable_color=\u00a0\u00bboff\u00a0\u00bb background_image=\u00a0\u00bbhttps:\/\/validex.fr\/wp-content\/uploads\/2023\/04\/cantine-nb.jpg\u00a0\u00bb background_enable_mask_style=\u00a0\u00bbon\u00a0\u00bb background_mask_style=\u00a0\u00bbwave\u00a0\u00bb custom_padding=\u00a0\u00bb5px||3px|||\u00a0\u00bb locked=\u00a0\u00bboff\u00a0\u00bb global_colors_info=\u00a0\u00bb{%22gcid-0ce8a763-63f9-4b73-a0c5-972528f981a1%22:%91%93}\u00a0\u00bb][et_pb_row _builder_version=\u00a0\u00bb4.16&Prime; _module_preset=\u00a0\u00bbdefault\u00a0\u00bb custom_padding=\u00a0\u00bb||0px|||\u00a0\u00bb global_colors_info=\u00a0\u00bb{}\u00a0\u00bb][et_pb_column type=\u00a0\u00bb4_4&Prime; _builder_version=\u00a0\u00bb4.16&Prime; _module_preset=\u00a0\u00bbdefault\u00a0\u00bb global_colors_info=\u00a0\u00bb{}\u00a0\u00bb][et_pb_text _builder_version=\u00a0\u00bb4.27.4&Prime; _module_preset=\u00a0\u00bbdefault\u00a0\u00bb min_height=\u00a0\u00bb75.6px\u00a0\u00bb custom_padding=\u00a0\u00bb10px||0px|||\u00a0\u00bb global_colors_info=\u00a0\u00bb{}\u00a0\u00bb]<\/p>\n<p style=\"text-align: justify;\">La rampe \u00e0 plateaux motoris\u00e9e est un convoyeur \u00e0 cordes sp\u00e9cifiquement con\u00e7u et adapt\u00e9 au tri participatif : elle se positionne devant une table de tri et permet de transporter les plateaux de fa\u00e7on autonome \u00e0 une vitesse donn\u00e9e.<\/p>\n<p>[\/et_pb_text][\/et_pb_column][\/et_pb_row][et_pb_row column_structure=\u00a0\u00bb1_2,1_2&Prime; _builder_version=\u00a0\u00bb4.16&Prime; _module_preset=\u00a0\u00bbdefault\u00a0\u00bb min_height=\u00a0\u00bb852.2px\u00a0\u00bb custom_padding=\u00a0\u00bb||0px|||\u00a0\u00bb global_colors_info=\u00a0\u00bb{}\u00a0\u00bb][et_pb_column type=\u00a0\u00bb1_2&Prime; _builder_version=\u00a0\u00bb4.16&Prime; _module_preset=\u00a0\u00bbdefault\u00a0\u00bb global_colors_info=\u00a0\u00bb{}\u00a0\u00bb][et_pb_text _builder_version=\u00a0\u00bb4.27.4&Prime; _module_preset=\u00a0\u00bbdefault\u00a0\u00bb global_colors_info=\u00a0\u00bb{}\u00a0\u00bb]<\/p>\n<h1><strong>Avantages<\/strong><\/h1>\n<p><strong><\/strong><\/p>\n<p><strong><\/strong><\/p>\n<ul>\n<li style=\"text-align: justify;\">Ma\u00eetrise du flux de convives pour le gestionnaire du restaurant gr\u00e2ce \u00e0 une vitesse d\u2019avancement r\u00e9glable<\/li>\n<li style=\"text-align: justify;\">Diminution du temps d\u2019attente en zone de d\u00e9pose plateaux<\/li>\n<li style=\"text-align: justify;\">Suppression de la manutention des plateaux<\/li>\n<li style=\"text-align: justify;\">Avancement en continu permettant aux convives d\u2019avoir leurs deux mains libres pour un tri participatif simplifi\u00e9 et plus ergonomique<\/li>\n<li style=\"text-align: justify;\">Acc\u00e8s facilit\u00e9 aux casiers de tri gr\u00e2ce \u00e0 une largeur de poutre r\u00e9duite et \u00e0 la suppression des rives<\/li>\n<li style=\"text-align: justify;\">Continuit\u00e9 de la rampe motoris\u00e9e sur un convoyeur \u00e0 cordes standard en laverie pour l\u2019acheminement des plateaux jusqu\u2019au lave-plateaux ou leur stockage sur un chariot \u00e0 niveau constant<\/li>\n<\/ul>\n<ul><\/ul>\n<ul><\/ul>\n<p>[\/et_pb_text][et_pb_text _builder_version=\u00a0\u00bb4.27.4&Prime; _module_preset=\u00a0\u00bbdefault\u00a0\u00bb global_colors_info=\u00a0\u00bb{}\u00a0\u00bb]<\/p>\n<h1><strong>Equipements compl\u00e9mentaires<\/strong><\/h1>\n<p><strong><\/strong><\/p>\n<p><strong><\/strong><\/p>\n<ul>\n<li>Extracteur magn\u00e9tique de couverts<\/li>\n<li>Brosse \u00e0 plateaux<\/li>\n<li><a href=\"https:\/\/validex.fr\/convoyeurs-horizontaux\/\">Convoyeurs \u00e0 cordes<\/a><\/li>\n<\/ul>\n<p>[\/et_pb_text][\/et_pb_column][et_pb_column type=\u00a0\u00bb1_2&Prime; _builder_version=\u00a0\u00bb4.16&Prime; _module_preset=\u00a0\u00bbdefault\u00a0\u00bb global_colors_info=\u00a0\u00bb{}\u00a0\u00bb][et_pb_text _builder_version=\u00a0\u00bb4.27.4&Prime; _module_preset=\u00a0\u00bbdefault\u00a0\u00bb global_colors_info=\u00a0\u00bb{}\u00a0\u00bb]<\/p>\n<h1><strong>D\u00e9tails techniques<\/strong><\/h1>\n<p><strong><\/strong><\/p>\n<p><strong><\/strong><\/p>\n<ul>\n<li style=\"text-align: justify;\">Sur-mesure<\/li>\n<li style=\"text-align: justify;\">Acier inoxydable 304<\/li>\n<li style=\"text-align: justify;\">Fixation sur pieds ou sur consoles murales<\/li>\n<li>Profondeur de la rampe et hauteur de d\u00e9filement des plateaux adapt\u00e9es au tri :\n<ul>\n<li style=\"text-align: justify;\">37cm de profondeur<\/li>\n<li style=\"text-align: justify;\">+\/- 80cm du sol<\/li>\n<\/ul>\n<\/li>\n<\/ul>\n<p>[\/et_pb_text][et_pb_image src=\u00a0\u00bbhttps:\/\/validex.fr\/wp-content\/uploads\/2024\/08\/rampe-motorisee.jpg\u00a0\u00bb title_text=\u00a0\u00bbrampe-motorisee\u00a0\u00bb _builder_version=\u00a0\u00bb4.27.4&Prime; _module_preset=\u00a0\u00bbdefault\u00a0\u00bb global_colors_info=\u00a0\u00bb{}\u00a0\u00bb][\/et_pb_image][\/et_pb_column][\/et_pb_row][\/et_pb_section]<\/p>\n","protected":false},"excerpt":{"rendered":"<p>CONVOYEURS HORIZONTAUX POUR PLATEAUXLA RAMPE A PLATEAUX MOTORISEELa rampe \u00e0 plateaux motoris\u00e9e est un convoyeur \u00e0 cordes sp\u00e9cifiquement con\u00e7u et adapt\u00e9 au tri participatif : elle se positionne devant une table de tri et permet de transporter les plateaux de fa\u00e7on autonome \u00e0 une vitesse donn\u00e9e.Avantages Ma\u00eetrise du flux de convives pour le gestionnaire du [&hellip;]<\/p>\n","protected":false},"author":1,"featured_media":230220,"parent":0,"menu_order":0,"comment_status":"closed","ping_status":"closed","template":"","meta":{"_et_pb_use_builder":"on","_et_pb_old_content":"","_et_gb_content_width":"","cybocfi_hide_featured_image":"","footnotes":""},"dipi_cpt_category":[],"class_list":["post-230219","page","type-page","status-publish","has-post-thumbnail","hentry"],"yoast_head":"<!-- This site is optimized with the Yoast SEO plugin v27.3 - https:\/\/yoast.com\/product\/yoast-seo-wordpress\/ -->\n<title>Rampe \u00e0 plateaux motoris\u00e9e - Validex<\/title>\n<meta name=\"robots\" content=\"index, follow, max-snippet:-1, max-image-preview:large, max-video-preview:-1\" \/>\n<link rel=\"canonical\" href=\"https:\/\/validex.fr\/en\/rampe-a-plateaux-motorisee\/\" \/>\n<meta property=\"og:locale\" content=\"en_US\" \/>\n<meta property=\"og:type\" content=\"article\" \/>\n<meta property=\"og:title\" content=\"Rampe \u00e0 plateaux motoris\u00e9e - Validex\" \/>\n<meta property=\"og:description\" content=\"CONVOYEURS HORIZONTAUX POUR PLATEAUXLA RAMPE A PLATEAUX MOTORISEELa rampe \u00e0 plateaux motoris\u00e9e est un convoyeur \u00e0 cordes sp\u00e9cifiquement con\u00e7u et adapt\u00e9 au tri participatif : elle se positionne devant une table de tri et permet de transporter les plateaux de fa\u00e7on autonome \u00e0 une vitesse donn\u00e9e.Avantages Ma\u00eetrise du flux de convives pour le gestionnaire du [&hellip;]\" \/>\n<meta property=\"og:url\" content=\"https:\/\/validex.fr\/en\/rampe-a-plateaux-motorisee\/\" \/>\n<meta property=\"og:site_name\" content=\"Validex\" \/>\n<meta property=\"article:modified_time\" content=\"2025-07-31T14:36:14+00:00\" \/>\n<meta property=\"og:image\" content=\"https:\/\/validex.fr\/wp-content\/uploads\/2024\/08\/rampe-motorisee.jpg\" \/>\n\t<meta property=\"og:image:width\" content=\"1200\" \/>\n\t<meta property=\"og:image:height\" content=\"900\" \/>\n\t<meta property=\"og:image:type\" content=\"image\/jpeg\" \/>\n<meta name=\"twitter:card\" content=\"summary_large_image\" \/>\n<meta name=\"twitter:label1\" content=\"Est. reading time\" \/>\n\t<meta name=\"twitter:data1\" content=\"4 minutes\" \/>\n<script type=\"application\/ld+json\" class=\"yoast-schema-graph\">{\"@context\":\"https:\\\/\\\/schema.org\",\"@graph\":[{\"@type\":\"WebPage\",\"@id\":\"https:\\\/\\\/validex.fr\\\/rampe-a-plateaux-motorisee\\\/\",\"url\":\"https:\\\/\\\/validex.fr\\\/rampe-a-plateaux-motorisee\\\/\",\"name\":\"Rampe \u00e0 plateaux motoris\u00e9e - Validex\",\"isPartOf\":{\"@id\":\"https:\\\/\\\/validex.fr\\\/#website\"},\"primaryImageOfPage\":{\"@id\":\"https:\\\/\\\/validex.fr\\\/rampe-a-plateaux-motorisee\\\/#primaryimage\"},\"image\":{\"@id\":\"https:\\\/\\\/validex.fr\\\/rampe-a-plateaux-motorisee\\\/#primaryimage\"},\"thumbnailUrl\":\"https:\\\/\\\/validex.fr\\\/wp-content\\\/uploads\\\/2024\\\/08\\\/rampe-motorisee.jpg\",\"datePublished\":\"2024-08-12T14:27:52+00:00\",\"dateModified\":\"2025-07-31T14:36:14+00:00\",\"breadcrumb\":{\"@id\":\"https:\\\/\\\/validex.fr\\\/rampe-a-plateaux-motorisee\\\/#breadcrumb\"},\"inLanguage\":\"en-US\",\"potentialAction\":[{\"@type\":\"ReadAction\",\"target\":[\"https:\\\/\\\/validex.fr\\\/rampe-a-plateaux-motorisee\\\/\"]}]},{\"@type\":\"ImageObject\",\"inLanguage\":\"en-US\",\"@id\":\"https:\\\/\\\/validex.fr\\\/rampe-a-plateaux-motorisee\\\/#primaryimage\",\"url\":\"https:\\\/\\\/validex.fr\\\/wp-content\\\/uploads\\\/2024\\\/08\\\/rampe-motorisee.jpg\",\"contentUrl\":\"https:\\\/\\\/validex.fr\\\/wp-content\\\/uploads\\\/2024\\\/08\\\/rampe-motorisee.jpg\",\"width\":1200,\"height\":900},{\"@type\":\"BreadcrumbList\",\"@id\":\"https:\\\/\\\/validex.fr\\\/rampe-a-plateaux-motorisee\\\/#breadcrumb\",\"itemListElement\":[{\"@type\":\"ListItem\",\"position\":1,\"name\":\"Accueil\",\"item\":\"https:\\\/\\\/validex.fr\\\/\"},{\"@type\":\"ListItem\",\"position\":2,\"name\":\"Rampe \u00e0 plateaux motoris\u00e9e\"}]},{\"@type\":\"WebSite\",\"@id\":\"https:\\\/\\\/validex.fr\\\/#website\",\"url\":\"https:\\\/\\\/validex.fr\\\/\",\"name\":\"Validex\",\"description\":\"Cr\u00e9ateur de solutions pour laveries de restaurant.\",\"potentialAction\":[{\"@type\":\"SearchAction\",\"target\":{\"@type\":\"EntryPoint\",\"urlTemplate\":\"https:\\\/\\\/validex.fr\\\/?s={search_term_string}\"},\"query-input\":{\"@type\":\"PropertyValueSpecification\",\"valueRequired\":true,\"valueName\":\"search_term_string\"}}],\"inLanguage\":\"en-US\"}]}<\/script>\n<!-- \/ Yoast SEO plugin. -->","yoast_head_json":{"title":"Rampe \u00e0 plateaux motoris\u00e9e - Validex","robots":{"index":"index","follow":"follow","max-snippet":"max-snippet:-1","max-image-preview":"max-image-preview:large","max-video-preview":"max-video-preview:-1"},"canonical":"https:\/\/validex.fr\/en\/rampe-a-plateaux-motorisee\/","og_locale":"en_US","og_type":"article","og_title":"Rampe \u00e0 plateaux motoris\u00e9e - Validex","og_description":"CONVOYEURS HORIZONTAUX POUR PLATEAUXLA RAMPE A PLATEAUX MOTORISEELa rampe \u00e0 plateaux motoris\u00e9e est un convoyeur \u00e0 cordes sp\u00e9cifiquement con\u00e7u et adapt\u00e9 au tri participatif : elle se positionne devant une table de tri et permet de transporter les plateaux de fa\u00e7on autonome \u00e0 une vitesse donn\u00e9e.Avantages Ma\u00eetrise du flux de convives pour le gestionnaire du [&hellip;]","og_url":"https:\/\/validex.fr\/en\/rampe-a-plateaux-motorisee\/","og_site_name":"Validex","article_modified_time":"2025-07-31T14:36:14+00:00","og_image":[{"width":1200,"height":900,"url":"https:\/\/validex.fr\/wp-content\/uploads\/2024\/08\/rampe-motorisee.jpg","type":"image\/jpeg"}],"twitter_card":"summary_large_image","twitter_misc":{"Est. reading time":"4 minutes"},"schema":{"@context":"https:\/\/schema.org","@graph":[{"@type":"WebPage","@id":"https:\/\/validex.fr\/rampe-a-plateaux-motorisee\/","url":"https:\/\/validex.fr\/rampe-a-plateaux-motorisee\/","name":"Rampe \u00e0 plateaux motoris\u00e9e - Validex","isPartOf":{"@id":"https:\/\/validex.fr\/#website"},"primaryImageOfPage":{"@id":"https:\/\/validex.fr\/rampe-a-plateaux-motorisee\/#primaryimage"},"image":{"@id":"https:\/\/validex.fr\/rampe-a-plateaux-motorisee\/#primaryimage"},"thumbnailUrl":"https:\/\/validex.fr\/wp-content\/uploads\/2024\/08\/rampe-motorisee.jpg","datePublished":"2024-08-12T14:27:52+00:00","dateModified":"2025-07-31T14:36:14+00:00","breadcrumb":{"@id":"https:\/\/validex.fr\/rampe-a-plateaux-motorisee\/#breadcrumb"},"inLanguage":"en-US","potentialAction":[{"@type":"ReadAction","target":["https:\/\/validex.fr\/rampe-a-plateaux-motorisee\/"]}]},{"@type":"ImageObject","inLanguage":"en-US","@id":"https:\/\/validex.fr\/rampe-a-plateaux-motorisee\/#primaryimage","url":"https:\/\/validex.fr\/wp-content\/uploads\/2024\/08\/rampe-motorisee.jpg","contentUrl":"https:\/\/validex.fr\/wp-content\/uploads\/2024\/08\/rampe-motorisee.jpg","width":1200,"height":900},{"@type":"BreadcrumbList","@id":"https:\/\/validex.fr\/rampe-a-plateaux-motorisee\/#breadcrumb","itemListElement":[{"@type":"ListItem","position":1,"name":"Accueil","item":"https:\/\/validex.fr\/"},{"@type":"ListItem","position":2,"name":"Rampe \u00e0 plateaux motoris\u00e9e"}]},{"@type":"WebSite","@id":"https:\/\/validex.fr\/#website","url":"https:\/\/validex.fr\/","name":"wash-up area environment","description":"Cr\u00e9ateur de solutions pour laveries de restaurant.","potentialAction":[{"@type":"SearchAction","target":{"@type":"EntryPoint","urlTemplate":"https:\/\/validex.fr\/?s={search_term_string}"},"query-input":{"@type":"PropertyValueSpecification","valueRequired":true,"valueName":"search_term_string"}}],"inLanguage":"en-US"}]}},"_links":{"self":[{"href":"https:\/\/validex.fr\/en\/wp-json\/wp\/v2\/pages\/230219","targetHints":{"allow":["GET"]}}],"collection":[{"href":"https:\/\/validex.fr\/en\/wp-json\/wp\/v2\/pages"}],"about":[{"href":"https:\/\/validex.fr\/en\/wp-json\/wp\/v2\/types\/page"}],"author":[{"embeddable":true,"href":"https:\/\/validex.fr\/en\/wp-json\/wp\/v2\/users\/1"}],"replies":[{"embeddable":true,"href":"https:\/\/validex.fr\/en\/wp-json\/wp\/v2\/comments?post=230219"}],"version-history":[{"count":14,"href":"https:\/\/validex.fr\/en\/wp-json\/wp\/v2\/pages\/230219\/revisions"}],"predecessor-version":[{"id":230766,"href":"https:\/\/validex.fr\/en\/wp-json\/wp\/v2\/pages\/230219\/revisions\/230766"}],"wp:featuredmedia":[{"embeddable":true,"href":"https:\/\/validex.fr\/en\/wp-json\/wp\/v2\/media\/230220"}],"wp:attachment":[{"href":"https:\/\/validex.fr\/en\/wp-json\/wp\/v2\/media?parent=230219"}],"wp:term":[{"taxonomy":"dipi_cpt_category","embeddable":true,"href":"https:\/\/validex.fr\/en\/wp-json\/wp\/v2\/dipi_cpt_category?post=230219"}],"curies":[{"name":"wp","href":"https:\/\/api.w.org\/{rel}","templated":true}]}}